{"id":7807,"date":"2026-04-24T11:37:51","date_gmt":"2026-04-24T09:37:51","guid":{"rendered":"https:\/\/sartorialuminarie.it\/?post_type=product&#038;p=7807"},"modified":"2026-04-24T11:40:59","modified_gmt":"2026-04-24T09:40:59","slug":"kew-sapone-240gr-jasmine-peach","status":"publish","type":"product","link":"https:\/\/sartorialuminarie.it\/en\/prodotti\/beauty\/kew-sapone-240gr-jasmine-peach\/","title":{"rendered":"KEW SAPONE 240GR JASMINE &#038; PEACH"},"content":{"rendered":"<p>ew Gardens Sapone 240g Jasmine &#038; Peach<br \/>\nUn sapone vegetale di alta qualit\u00e0 che unisce tradizione inglese e una fragranza fresca e luminosa. Il Kew Gardens Jasmine &#038; Peach \u00e8 formulato con burro di karit\u00e9 e glicerina vegetale, ingredienti dalle propriet\u00e0 idratanti ed emollienti che detergono delicatamente la pelle, lasciandola morbida, nutrita e piacevolmente profumata.<br \/>\nLa profumazione \u00e8 fruttata e floreale, vivace e raffinata: le note di testa dolci e succose di pesca, fragola, kiwi e banana si fondono con un elegante cuore di gelsomino e fiori d\u2019arancio. Il risultato \u00e8 una fragranza fresca, brillante e armoniosa, arricchita da delicate sfumature verdi che donano leggerezza e naturalezza.<br \/>\nRealizzato in Inghilterra secondo metodi tradizionali, questo sapone \u00e8 vegan friendly e cruelty free. \u00c8 confezionato in carta riciclabile decorata con eleganti illustrazioni botaniche ispirate agli archivi storici dei Kew Gardens, perfetto anche come idea regalo. ()<br \/>\nCaratteristiche principali:<br \/>\nPeso: 240 g<br \/>\nFormula con burro di karit\u00e9 e glicerina vegetale<br \/>\nProfumazione fruttata e floreale, fresca e luminosa<br \/>\nDeterge delicatamente senza seccare la pelle<br \/>\nAdatto a tutti i tipi di pelle<br \/>\nVegan e cruelty free<br \/>\nPackaging ecologico e riciclabile<\/p>\n","protected":false},"excerpt":{"rendered":"<p>ew Gardens Sapone 240g Jasmine &#038; Peach Un sapone vegetale di alta qualit\u00e0 che unisce tradizione inglese e una fragranza&#8230;<\/p>\n","protected":false},"featured_media":7812,"template":"","meta":{"_acf_changed":false},"product_cat":[79],"product_tag":[],"class_list":{"0":"post-7807","1":"product","2":"type-product","3":"status-publish","4":"has-post-thumbnail","6":"product_cat-beauty","8":"first","9":"instock","10":"shipping-taxable","11":"purchasable","12":"product-type-simple"},"acf":[],"yoast_head":"<!-- This site is optimized with the Yoast SEO plugin v26.9 - https:\/\/yoast.com\/product\/yoast-seo-wordpress\/ -->\n<title>KEW SAPONE 240GR JASMINE &amp; PEACH - Beauty | Sartoria Luminarie<\/title>\n<meta name=\"description\" content=\"ew Gardens Sapone 240g Jasmine &amp; Peach Un sapone vegetale di alta qualit\u00e0 che unisce tradizione inglese e una fragranza fresca e luminosa. Il Kew Gardens\" \/>\n<meta name=\"robots\" content=\"index, follow, max-snippet:-1, max-image-preview:large, max-video-preview:-1\" \/>\n<link rel=\"canonical\" href=\"https:\/\/sartorialuminarie.it\/en\/prodotti\/beauty\/kew-sapone-240gr-jasmine-peach\/\" \/>\n<meta property=\"og:locale\" content=\"en_US\" \/>\n<meta property=\"og:type\" content=\"article\" \/>\n<meta property=\"og:title\" content=\"KEW SAPONE 240GR JASMINE &amp; PEACH - Beauty | Sartoria Luminarie\" \/>\n<meta property=\"og:description\" content=\"ew Gardens Sapone 240g Jasmine &amp; Peach Un sapone vegetale di alta qualit\u00e0 che unisce tradizione inglese e una fragranza fresca e luminosa. Il Kew Gardens\" \/>\n<meta property=\"og:url\" content=\"https:\/\/sartorialuminarie.it\/en\/prodotti\/beauty\/kew-sapone-240gr-jasmine-peach\/\" \/>\n<meta property=\"og:site_name\" content=\"Sartoria Luminarie\" \/>\n<meta property=\"article:publisher\" content=\"https:\/\/www.facebook.com\/sartoriailfioreallocchiello\" \/>\n<meta property=\"article:modified_time\" content=\"2026-04-24T09:40:59+00:00\" \/>\n<meta property=\"og:image\" content=\"https:\/\/sartorialuminarie.it\/wp-content\/uploads\/2026\/04\/uyktuykj.png\" \/>\n\t<meta property=\"og:image:width\" content=\"1400\" \/>\n\t<meta property=\"og:image:height\" content=\"1400\" \/>\n\t<meta property=\"og:image:type\" content=\"image\/png\" \/>\n<meta name=\"twitter:card\" content=\"summary_large_image\" \/>\n<meta name=\"twitter:label1\" content=\"Est. reading time\" \/>\n\t<meta name=\"twitter:data1\" content=\"2 minutes\" \/>\n<script type=\"application\/ld+json\" class=\"yoast-schema-graph\">{\"@context\":\"https:\/\/schema.org\",\"@graph\":[{\"@type\":\"WebPage\",\"@id\":\"https:\/\/sartorialuminarie.it\/en\/prodotti\/beauty\/kew-sapone-240gr-jasmine-peach\/\",\"url\":\"https:\/\/sartorialuminarie.it\/en\/prodotti\/beauty\/kew-sapone-240gr-jasmine-peach\/\",\"name\":\"KEW SAPONE 240GR JASMINE & PEACH - Beauty | Sartoria Luminarie\",\"isPartOf\":{\"@id\":\"https:\/\/sartorialuminarie.it\/en\/#website\"},\"primaryImageOfPage\":{\"@id\":\"https:\/\/sartorialuminarie.it\/en\/prodotti\/beauty\/kew-sapone-240gr-jasmine-peach\/#primaryimage\"},\"image\":{\"@id\":\"https:\/\/sartorialuminarie.it\/en\/prodotti\/beauty\/kew-sapone-240gr-jasmine-peach\/#primaryimage\"},\"thumbnailUrl\":\"https:\/\/sartorialuminarie.it\/wp-content\/uploads\/2026\/04\/uyktuykj.png\",\"datePublished\":\"2026-04-24T09:37:51+00:00\",\"dateModified\":\"2026-04-24T09:40:59+00:00\",\"description\":\"ew Gardens Sapone 240g Jasmine & Peach Un sapone vegetale di alta qualit\u00e0 che unisce tradizione inglese e una fragranza fresca e luminosa. Il Kew Gardens\",\"breadcrumb\":{\"@id\":\"https:\/\/sartorialuminarie.it\/en\/prodotti\/beauty\/kew-sapone-240gr-jasmine-peach\/#breadcrumb\"},\"inLanguage\":\"en-US\",\"potentialAction\":[{\"@type\":\"ReadAction\",\"target\":[\"https:\/\/sartorialuminarie.it\/en\/prodotti\/beauty\/kew-sapone-240gr-jasmine-peach\/\"]}]},{\"@type\":\"ImageObject\",\"inLanguage\":\"en-US\",\"@id\":\"https:\/\/sartorialuminarie.it\/en\/prodotti\/beauty\/kew-sapone-240gr-jasmine-peach\/#primaryimage\",\"url\":\"https:\/\/sartorialuminarie.it\/wp-content\/uploads\/2026\/04\/uyktuykj.png\",\"contentUrl\":\"https:\/\/sartorialuminarie.it\/wp-content\/uploads\/2026\/04\/uyktuykj.png\",\"width\":1400,\"height\":1400},{\"@type\":\"BreadcrumbList\",\"@id\":\"https:\/\/sartorialuminarie.it\/en\/prodotti\/beauty\/kew-sapone-240gr-jasmine-peach\/#breadcrumb\",\"itemListElement\":[{\"@type\":\"ListItem\",\"position\":1,\"name\":\"Home\",\"item\":\"https:\/\/sartorialuminarie.it\/en\/\"},{\"@type\":\"ListItem\",\"position\":2,\"name\":\"Shop\",\"item\":\"https:\/\/sartorialuminarie.it\/catalogo\/\"},{\"@type\":\"ListItem\",\"position\":3,\"name\":\"KEW SAPONE 240GR JASMINE &#038; PEACH\"}]},{\"@type\":\"WebSite\",\"@id\":\"https:\/\/sartorialuminarie.it\/en\/#website\",\"url\":\"https:\/\/sartorialuminarie.it\/en\/\",\"name\":\"Sartoria Luminarie\",\"description\":\"\",\"publisher\":{\"@id\":\"https:\/\/sartorialuminarie.it\/en\/#organization\"},\"potentialAction\":[{\"@type\":\"SearchAction\",\"target\":{\"@type\":\"EntryPoint\",\"urlTemplate\":\"https:\/\/sartorialuminarie.it\/en\/?s={search_term_string}\"},\"query-input\":{\"@type\":\"PropertyValueSpecification\",\"valueRequired\":true,\"valueName\":\"search_term_string\"}}],\"inLanguage\":\"en-US\"},{\"@type\":\"Organization\",\"@id\":\"https:\/\/sartorialuminarie.it\/en\/#organization\",\"name\":\"Sartoria Luminarie\",\"url\":\"https:\/\/sartorialuminarie.it\/en\/\",\"logo\":{\"@type\":\"ImageObject\",\"inLanguage\":\"en-US\",\"@id\":\"https:\/\/sartorialuminarie.it\/en\/#\/schema\/logo\/image\/\",\"url\":\"https:\/\/sartorialuminarie.it\/wp-content\/uploads\/2025\/11\/cropped-favicon-logo-luminarie.jpg\",\"contentUrl\":\"https:\/\/sartorialuminarie.it\/wp-content\/uploads\/2025\/11\/cropped-favicon-logo-luminarie.jpg\",\"width\":512,\"height\":512,\"caption\":\"Sartoria Luminarie\"},\"image\":{\"@id\":\"https:\/\/sartorialuminarie.it\/en\/#\/schema\/logo\/image\/\"},\"sameAs\":[\"https:\/\/www.facebook.com\/sartoriailfioreallocchiello\",\"https:\/\/www.instagram.com\/sartoria_luminarie_bologna\"]}]}<\/script>\n<!-- \/ Yoast SEO plugin. -->","yoast_head_json":{"title":"KEW SAPONE 240GR JASMINE & PEACH - Beauty | Sartoria Luminarie","description":"ew Gardens Sapone 240g Jasmine & Peach Un sapone vegetale di alta qualit\u00e0 che unisce tradizione inglese e una fragranza fresca e luminosa. Il Kew Gardens","robots":{"index":"index","follow":"follow","max-snippet":"max-snippet:-1","max-image-preview":"max-image-preview:large","max-video-preview":"max-video-preview:-1"},"canonical":"https:\/\/sartorialuminarie.it\/en\/prodotti\/beauty\/kew-sapone-240gr-jasmine-peach\/","og_locale":"en_US","og_type":"article","og_title":"KEW SAPONE 240GR JASMINE & PEACH - Beauty | Sartoria Luminarie","og_description":"ew Gardens Sapone 240g Jasmine & Peach Un sapone vegetale di alta qualit\u00e0 che unisce tradizione inglese e una fragranza fresca e luminosa. Il Kew Gardens","og_url":"https:\/\/sartorialuminarie.it\/en\/prodotti\/beauty\/kew-sapone-240gr-jasmine-peach\/","og_site_name":"Sartoria Luminarie","article_publisher":"https:\/\/www.facebook.com\/sartoriailfioreallocchiello","article_modified_time":"2026-04-24T09:40:59+00:00","og_image":[{"width":1400,"height":1400,"url":"https:\/\/sartorialuminarie.it\/wp-content\/uploads\/2026\/04\/uyktuykj.png","type":"image\/png"}],"twitter_card":"summary_large_image","twitter_misc":{"Est. reading time":"2 minutes"},"schema":{"@context":"https:\/\/schema.org","@graph":[{"@type":"WebPage","@id":"https:\/\/sartorialuminarie.it\/en\/prodotti\/beauty\/kew-sapone-240gr-jasmine-peach\/","url":"https:\/\/sartorialuminarie.it\/en\/prodotti\/beauty\/kew-sapone-240gr-jasmine-peach\/","name":"KEW SAPONE 240GR JASMINE & PEACH - Beauty | Sartoria Luminarie","isPartOf":{"@id":"https:\/\/sartorialuminarie.it\/en\/#website"},"primaryImageOfPage":{"@id":"https:\/\/sartorialuminarie.it\/en\/prodotti\/beauty\/kew-sapone-240gr-jasmine-peach\/#primaryimage"},"image":{"@id":"https:\/\/sartorialuminarie.it\/en\/prodotti\/beauty\/kew-sapone-240gr-jasmine-peach\/#primaryimage"},"thumbnailUrl":"https:\/\/sartorialuminarie.it\/wp-content\/uploads\/2026\/04\/uyktuykj.png","datePublished":"2026-04-24T09:37:51+00:00","dateModified":"2026-04-24T09:40:59+00:00","description":"ew Gardens Sapone 240g Jasmine & Peach Un sapone vegetale di alta qualit\u00e0 che unisce tradizione inglese e una fragranza fresca e luminosa. Il Kew Gardens","breadcrumb":{"@id":"https:\/\/sartorialuminarie.it\/en\/prodotti\/beauty\/kew-sapone-240gr-jasmine-peach\/#breadcrumb"},"inLanguage":"en-US","potentialAction":[{"@type":"ReadAction","target":["https:\/\/sartorialuminarie.it\/en\/prodotti\/beauty\/kew-sapone-240gr-jasmine-peach\/"]}]},{"@type":"ImageObject","inLanguage":"en-US","@id":"https:\/\/sartorialuminarie.it\/en\/prodotti\/beauty\/kew-sapone-240gr-jasmine-peach\/#primaryimage","url":"https:\/\/sartorialuminarie.it\/wp-content\/uploads\/2026\/04\/uyktuykj.png","contentUrl":"https:\/\/sartorialuminarie.it\/wp-content\/uploads\/2026\/04\/uyktuykj.png","width":1400,"height":1400},{"@type":"BreadcrumbList","@id":"https:\/\/sartorialuminarie.it\/en\/prodotti\/beauty\/kew-sapone-240gr-jasmine-peach\/#breadcrumb","itemListElement":[{"@type":"ListItem","position":1,"name":"Home","item":"https:\/\/sartorialuminarie.it\/en\/"},{"@type":"ListItem","position":2,"name":"Shop","item":"https:\/\/sartorialuminarie.it\/catalogo\/"},{"@type":"ListItem","position":3,"name":"KEW SAPONE 240GR JASMINE &#038; PEACH"}]},{"@type":"WebSite","@id":"https:\/\/sartorialuminarie.it\/en\/#website","url":"https:\/\/sartorialuminarie.it\/en\/","name":"Sartoria Luminarie","description":"","publisher":{"@id":"https:\/\/sartorialuminarie.it\/en\/#organization"},"potentialAction":[{"@type":"SearchAction","target":{"@type":"EntryPoint","urlTemplate":"https:\/\/sartorialuminarie.it\/en\/?s={search_term_string}"},"query-input":{"@type":"PropertyValueSpecification","valueRequired":true,"valueName":"search_term_string"}}],"inLanguage":"en-US"},{"@type":"Organization","@id":"https:\/\/sartorialuminarie.it\/en\/#organization","name":"Sartoria Luminarie","url":"https:\/\/sartorialuminarie.it\/en\/","logo":{"@type":"ImageObject","inLanguage":"en-US","@id":"https:\/\/sartorialuminarie.it\/en\/#\/schema\/logo\/image\/","url":"https:\/\/sartorialuminarie.it\/wp-content\/uploads\/2025\/11\/cropped-favicon-logo-luminarie.jpg","contentUrl":"https:\/\/sartorialuminarie.it\/wp-content\/uploads\/2025\/11\/cropped-favicon-logo-luminarie.jpg","width":512,"height":512,"caption":"Sartoria Luminarie"},"image":{"@id":"https:\/\/sartorialuminarie.it\/en\/#\/schema\/logo\/image\/"},"sameAs":["https:\/\/www.facebook.com\/sartoriailfioreallocchiello","https:\/\/www.instagram.com\/sartoria_luminarie_bologna"]}]}},"_links":{"self":[{"href":"https:\/\/sartorialuminarie.it\/en\/wp-json\/wp\/v2\/product\/7807","targetHints":{"allow":["GET"]}}],"collection":[{"href":"https:\/\/sartorialuminarie.it\/en\/wp-json\/wp\/v2\/product"}],"about":[{"href":"https:\/\/sartorialuminarie.it\/en\/wp-json\/wp\/v2\/types\/product"}],"wp:featuredmedia":[{"embeddable":true,"href":"https:\/\/sartorialuminarie.it\/en\/wp-json\/wp\/v2\/media\/7812"}],"wp:attachment":[{"href":"https:\/\/sartorialuminarie.it\/en\/wp-json\/wp\/v2\/media?parent=7807"}],"wp:term":[{"taxonomy":"product_cat","embeddable":true,"href":"https:\/\/sartorialuminarie.it\/en\/wp-json\/wp\/v2\/product_cat?post=7807"},{"taxonomy":"product_tag","embeddable":true,"href":"https:\/\/sartorialuminarie.it\/en\/wp-json\/wp\/v2\/product_tag?post=7807"}],"curies":[{"name":"wp","href":"https:\/\/api.w.org\/{rel}","templated":true}]}}