{"id":7793,"date":"2026-04-24T10:55:01","date_gmt":"2026-04-24T08:55:01","guid":{"rendered":"https:\/\/sartorialuminarie.it\/?post_type=product&#038;p=7793"},"modified":"2026-04-24T11:02:32","modified_gmt":"2026-04-24T09:02:32","slug":"kew-sapone-240gr-narcissus-lime","status":"publish","type":"product","link":"https:\/\/sartorialuminarie.it\/en\/prodotti\/beauty\/kew-sapone-240gr-narcissus-lime\/","title":{"rendered":"KEW SAPONE 240GR NARCISSUS LIME"},"content":{"rendered":"<p>Kew Gardens Sapone 240g Narcissus &#038; Lime<br \/>\nUn sapone vegetale di alta qualit\u00e0 che unisce tradizione e cura della pelle, perfetto per una detersione delicata e quotidiana. Il Kew Gardens Narcissus &#038; Lime \u00e8 arricchito con burro di karit\u00e9 e glicerina vegetale, ingredienti dalle propriet\u00e0 idratanti ed emollienti che aiutano a mantenere la pelle morbida, liscia e nutrita.<br \/>\nLa fragranza \u00e8 fresca, floreale e agrumata, elegante e ben bilanciata: le note di testa di lime, bergamotto e pera donano una piacevole energia, mentre il cuore floreale di gelsomino, fiori d\u2019arancio, tuberosa e narciso crea un bouquet raffinato. Il fondo caldo di vaniglia e sandalo avvolge la pelle con una scia delicata e persistente.<br \/>\nRealizzato in Inghilterra secondo metodi tradizionali, questo sapone \u00e8 vegan friendly e cruelty free, confezionato in carta riciclabile decorata con eleganti illustrazioni botaniche ispirate agli archivi storici dei Kew Gardens, ideale anche come idea regalo sostenibile e raffinata. ()<br \/>\nCaratteristiche principali:<br \/>\nPeso: 240 g<br \/>\nFormula con burro di karit\u00e9 e glicerina vegetale<br \/>\nProfumazione floreale-agrumata fresca ed elegante<br \/>\nDeterge delicatamente senza seccare la pelle<br \/>\nAdatto a tutti i tipi di pelle<br \/>\nVegan e cruelty free<br \/>\nPackaging ecologico e riciclabile<\/p>\n","protected":false},"excerpt":{"rendered":"<p>Kew Gardens Sapone 240g Narcissus &#038; Lime Un sapone vegetale di alta qualit\u00e0 che unisce tradizione e cura della pelle,&#8230;<\/p>\n","protected":false},"featured_media":7794,"template":"","meta":{"_acf_changed":false},"product_cat":[79],"product_tag":[],"class_list":{"0":"post-7793","1":"product","2":"type-product","3":"status-publish","4":"has-post-thumbnail","6":"product_cat-beauty","8":"first","9":"instock","10":"shipping-taxable","11":"purchasable","12":"product-type-simple"},"acf":[],"yoast_head":"<!-- This site is optimized with the Yoast SEO plugin v26.9 - https:\/\/yoast.com\/product\/yoast-seo-wordpress\/ -->\n<title>KEW SAPONE 240GR NARCISSUS LIME - Beauty | Sartoria Luminarie<\/title>\n<meta name=\"description\" content=\"Kew Gardens Sapone 240g Narcissus &amp; Lime Un sapone vegetale di alta qualit\u00e0 che unisce tradizione e cura della pelle, perfetto per una detersione delicata\" \/>\n<meta name=\"robots\" content=\"index, follow, max-snippet:-1, max-image-preview:large, max-video-preview:-1\" \/>\n<link rel=\"canonical\" href=\"https:\/\/sartorialuminarie.it\/en\/prodotti\/beauty\/kew-sapone-240gr-narcissus-lime\/\" \/>\n<meta property=\"og:locale\" content=\"en_US\" \/>\n<meta property=\"og:type\" content=\"article\" \/>\n<meta property=\"og:title\" content=\"KEW SAPONE 240GR NARCISSUS LIME - Beauty | Sartoria Luminarie\" \/>\n<meta property=\"og:description\" content=\"Kew Gardens Sapone 240g Narcissus &amp; Lime Un sapone vegetale di alta qualit\u00e0 che unisce tradizione e cura della pelle, perfetto per una detersione delicata\" \/>\n<meta property=\"og:url\" content=\"https:\/\/sartorialuminarie.it\/en\/prodotti\/beauty\/kew-sapone-240gr-narcissus-lime\/\" \/>\n<meta property=\"og:site_name\" content=\"Sartoria Luminarie\" \/>\n<meta property=\"article:publisher\" content=\"https:\/\/www.facebook.com\/sartoriailfioreallocchiello\" \/>\n<meta property=\"article:modified_time\" content=\"2026-04-24T09:02:32+00:00\" \/>\n<meta property=\"og:image\" content=\"https:\/\/sartorialuminarie.it\/wp-content\/uploads\/2026\/04\/thrthhhrh.png\" \/>\n\t<meta property=\"og:image:width\" content=\"1400\" \/>\n\t<meta property=\"og:image:height\" content=\"1400\" \/>\n\t<meta property=\"og:image:type\" content=\"image\/png\" \/>\n<meta name=\"twitter:card\" content=\"summary_large_image\" \/>\n<meta name=\"twitter:label1\" content=\"Est. reading time\" \/>\n\t<meta name=\"twitter:data1\" content=\"2 minutes\" \/>\n<script type=\"application\/ld+json\" class=\"yoast-schema-graph\">{\"@context\":\"https:\/\/schema.org\",\"@graph\":[{\"@type\":\"WebPage\",\"@id\":\"https:\/\/sartorialuminarie.it\/en\/prodotti\/beauty\/kew-sapone-240gr-narcissus-lime\/\",\"url\":\"https:\/\/sartorialuminarie.it\/en\/prodotti\/beauty\/kew-sapone-240gr-narcissus-lime\/\",\"name\":\"KEW SAPONE 240GR NARCISSUS LIME - Beauty | Sartoria Luminarie\",\"isPartOf\":{\"@id\":\"https:\/\/sartorialuminarie.it\/en\/#website\"},\"primaryImageOfPage\":{\"@id\":\"https:\/\/sartorialuminarie.it\/en\/prodotti\/beauty\/kew-sapone-240gr-narcissus-lime\/#primaryimage\"},\"image\":{\"@id\":\"https:\/\/sartorialuminarie.it\/en\/prodotti\/beauty\/kew-sapone-240gr-narcissus-lime\/#primaryimage\"},\"thumbnailUrl\":\"https:\/\/sartorialuminarie.it\/wp-content\/uploads\/2026\/04\/thrthhhrh.png\",\"datePublished\":\"2026-04-24T08:55:01+00:00\",\"dateModified\":\"2026-04-24T09:02:32+00:00\",\"description\":\"Kew Gardens Sapone 240g Narcissus & Lime Un sapone vegetale di alta qualit\u00e0 che unisce tradizione e cura della pelle, perfetto per una detersione delicata\",\"breadcrumb\":{\"@id\":\"https:\/\/sartorialuminarie.it\/en\/prodotti\/beauty\/kew-sapone-240gr-narcissus-lime\/#breadcrumb\"},\"inLanguage\":\"en-US\",\"potentialAction\":[{\"@type\":\"ReadAction\",\"target\":[\"https:\/\/sartorialuminarie.it\/en\/prodotti\/beauty\/kew-sapone-240gr-narcissus-lime\/\"]}]},{\"@type\":\"ImageObject\",\"inLanguage\":\"en-US\",\"@id\":\"https:\/\/sartorialuminarie.it\/en\/prodotti\/beauty\/kew-sapone-240gr-narcissus-lime\/#primaryimage\",\"url\":\"https:\/\/sartorialuminarie.it\/wp-content\/uploads\/2026\/04\/thrthhhrh.png\",\"contentUrl\":\"https:\/\/sartorialuminarie.it\/wp-content\/uploads\/2026\/04\/thrthhhrh.png\",\"width\":1400,\"height\":1400},{\"@type\":\"BreadcrumbList\",\"@id\":\"https:\/\/sartorialuminarie.it\/en\/prodotti\/beauty\/kew-sapone-240gr-narcissus-lime\/#breadcrumb\",\"itemListElement\":[{\"@type\":\"ListItem\",\"position\":1,\"name\":\"Home\",\"item\":\"https:\/\/sartorialuminarie.it\/en\/\"},{\"@type\":\"ListItem\",\"position\":2,\"name\":\"Shop\",\"item\":\"https:\/\/sartorialuminarie.it\/catalogo\/\"},{\"@type\":\"ListItem\",\"position\":3,\"name\":\"KEW SAPONE 240GR NARCISSUS LIME\"}]},{\"@type\":\"WebSite\",\"@id\":\"https:\/\/sartorialuminarie.it\/en\/#website\",\"url\":\"https:\/\/sartorialuminarie.it\/en\/\",\"name\":\"Sartoria Luminarie\",\"description\":\"\",\"publisher\":{\"@id\":\"https:\/\/sartorialuminarie.it\/en\/#organization\"},\"potentialAction\":[{\"@type\":\"SearchAction\",\"target\":{\"@type\":\"EntryPoint\",\"urlTemplate\":\"https:\/\/sartorialuminarie.it\/en\/?s={search_term_string}\"},\"query-input\":{\"@type\":\"PropertyValueSpecification\",\"valueRequired\":true,\"valueName\":\"search_term_string\"}}],\"inLanguage\":\"en-US\"},{\"@type\":\"Organization\",\"@id\":\"https:\/\/sartorialuminarie.it\/en\/#organization\",\"name\":\"Sartoria Luminarie\",\"url\":\"https:\/\/sartorialuminarie.it\/en\/\",\"logo\":{\"@type\":\"ImageObject\",\"inLanguage\":\"en-US\",\"@id\":\"https:\/\/sartorialuminarie.it\/en\/#\/schema\/logo\/image\/\",\"url\":\"https:\/\/sartorialuminarie.it\/wp-content\/uploads\/2025\/11\/cropped-favicon-logo-luminarie.jpg\",\"contentUrl\":\"https:\/\/sartorialuminarie.it\/wp-content\/uploads\/2025\/11\/cropped-favicon-logo-luminarie.jpg\",\"width\":512,\"height\":512,\"caption\":\"Sartoria Luminarie\"},\"image\":{\"@id\":\"https:\/\/sartorialuminarie.it\/en\/#\/schema\/logo\/image\/\"},\"sameAs\":[\"https:\/\/www.facebook.com\/sartoriailfioreallocchiello\",\"https:\/\/www.instagram.com\/sartoria_luminarie_bologna\"]}]}<\/script>\n<!-- \/ Yoast SEO plugin. -->","yoast_head_json":{"title":"KEW SAPONE 240GR NARCISSUS LIME - Beauty | Sartoria Luminarie","description":"Kew Gardens Sapone 240g Narcissus & Lime Un sapone vegetale di alta qualit\u00e0 che unisce tradizione e cura della pelle, perfetto per una detersione delicata","robots":{"index":"index","follow":"follow","max-snippet":"max-snippet:-1","max-image-preview":"max-image-preview:large","max-video-preview":"max-video-preview:-1"},"canonical":"https:\/\/sartorialuminarie.it\/en\/prodotti\/beauty\/kew-sapone-240gr-narcissus-lime\/","og_locale":"en_US","og_type":"article","og_title":"KEW SAPONE 240GR NARCISSUS LIME - Beauty | Sartoria Luminarie","og_description":"Kew Gardens Sapone 240g Narcissus & Lime Un sapone vegetale di alta qualit\u00e0 che unisce tradizione e cura della pelle, perfetto per una detersione delicata","og_url":"https:\/\/sartorialuminarie.it\/en\/prodotti\/beauty\/kew-sapone-240gr-narcissus-lime\/","og_site_name":"Sartoria Luminarie","article_publisher":"https:\/\/www.facebook.com\/sartoriailfioreallocchiello","article_modified_time":"2026-04-24T09:02:32+00:00","og_image":[{"width":1400,"height":1400,"url":"https:\/\/sartorialuminarie.it\/wp-content\/uploads\/2026\/04\/thrthhhrh.png","type":"image\/png"}],"twitter_card":"summary_large_image","twitter_misc":{"Est. reading time":"2 minutes"},"schema":{"@context":"https:\/\/schema.org","@graph":[{"@type":"WebPage","@id":"https:\/\/sartorialuminarie.it\/en\/prodotti\/beauty\/kew-sapone-240gr-narcissus-lime\/","url":"https:\/\/sartorialuminarie.it\/en\/prodotti\/beauty\/kew-sapone-240gr-narcissus-lime\/","name":"KEW SAPONE 240GR NARCISSUS LIME - Beauty | Sartoria Luminarie","isPartOf":{"@id":"https:\/\/sartorialuminarie.it\/en\/#website"},"primaryImageOfPage":{"@id":"https:\/\/sartorialuminarie.it\/en\/prodotti\/beauty\/kew-sapone-240gr-narcissus-lime\/#primaryimage"},"image":{"@id":"https:\/\/sartorialuminarie.it\/en\/prodotti\/beauty\/kew-sapone-240gr-narcissus-lime\/#primaryimage"},"thumbnailUrl":"https:\/\/sartorialuminarie.it\/wp-content\/uploads\/2026\/04\/thrthhhrh.png","datePublished":"2026-04-24T08:55:01+00:00","dateModified":"2026-04-24T09:02:32+00:00","description":"Kew Gardens Sapone 240g Narcissus & Lime Un sapone vegetale di alta qualit\u00e0 che unisce tradizione e cura della pelle, perfetto per una detersione delicata","breadcrumb":{"@id":"https:\/\/sartorialuminarie.it\/en\/prodotti\/beauty\/kew-sapone-240gr-narcissus-lime\/#breadcrumb"},"inLanguage":"en-US","potentialAction":[{"@type":"ReadAction","target":["https:\/\/sartorialuminarie.it\/en\/prodotti\/beauty\/kew-sapone-240gr-narcissus-lime\/"]}]},{"@type":"ImageObject","inLanguage":"en-US","@id":"https:\/\/sartorialuminarie.it\/en\/prodotti\/beauty\/kew-sapone-240gr-narcissus-lime\/#primaryimage","url":"https:\/\/sartorialuminarie.it\/wp-content\/uploads\/2026\/04\/thrthhhrh.png","contentUrl":"https:\/\/sartorialuminarie.it\/wp-content\/uploads\/2026\/04\/thrthhhrh.png","width":1400,"height":1400},{"@type":"BreadcrumbList","@id":"https:\/\/sartorialuminarie.it\/en\/prodotti\/beauty\/kew-sapone-240gr-narcissus-lime\/#breadcrumb","itemListElement":[{"@type":"ListItem","position":1,"name":"Home","item":"https:\/\/sartorialuminarie.it\/en\/"},{"@type":"ListItem","position":2,"name":"Shop","item":"https:\/\/sartorialuminarie.it\/catalogo\/"},{"@type":"ListItem","position":3,"name":"KEW SAPONE 240GR NARCISSUS LIME"}]},{"@type":"WebSite","@id":"https:\/\/sartorialuminarie.it\/en\/#website","url":"https:\/\/sartorialuminarie.it\/en\/","name":"Sartoria Luminarie","description":"","publisher":{"@id":"https:\/\/sartorialuminarie.it\/en\/#organization"},"potentialAction":[{"@type":"SearchAction","target":{"@type":"EntryPoint","urlTemplate":"https:\/\/sartorialuminarie.it\/en\/?s={search_term_string}"},"query-input":{"@type":"PropertyValueSpecification","valueRequired":true,"valueName":"search_term_string"}}],"inLanguage":"en-US"},{"@type":"Organization","@id":"https:\/\/sartorialuminarie.it\/en\/#organization","name":"Sartoria Luminarie","url":"https:\/\/sartorialuminarie.it\/en\/","logo":{"@type":"ImageObject","inLanguage":"en-US","@id":"https:\/\/sartorialuminarie.it\/en\/#\/schema\/logo\/image\/","url":"https:\/\/sartorialuminarie.it\/wp-content\/uploads\/2025\/11\/cropped-favicon-logo-luminarie.jpg","contentUrl":"https:\/\/sartorialuminarie.it\/wp-content\/uploads\/2025\/11\/cropped-favicon-logo-luminarie.jpg","width":512,"height":512,"caption":"Sartoria Luminarie"},"image":{"@id":"https:\/\/sartorialuminarie.it\/en\/#\/schema\/logo\/image\/"},"sameAs":["https:\/\/www.facebook.com\/sartoriailfioreallocchiello","https:\/\/www.instagram.com\/sartoria_luminarie_bologna"]}]}},"_links":{"self":[{"href":"https:\/\/sartorialuminarie.it\/en\/wp-json\/wp\/v2\/product\/7793","targetHints":{"allow":["GET"]}}],"collection":[{"href":"https:\/\/sartorialuminarie.it\/en\/wp-json\/wp\/v2\/product"}],"about":[{"href":"https:\/\/sartorialuminarie.it\/en\/wp-json\/wp\/v2\/types\/product"}],"wp:featuredmedia":[{"embeddable":true,"href":"https:\/\/sartorialuminarie.it\/en\/wp-json\/wp\/v2\/media\/7794"}],"wp:attachment":[{"href":"https:\/\/sartorialuminarie.it\/en\/wp-json\/wp\/v2\/media?parent=7793"}],"wp:term":[{"taxonomy":"product_cat","embeddable":true,"href":"https:\/\/sartorialuminarie.it\/en\/wp-json\/wp\/v2\/product_cat?post=7793"},{"taxonomy":"product_tag","embeddable":true,"href":"https:\/\/sartorialuminarie.it\/en\/wp-json\/wp\/v2\/product_tag?post=7793"}],"curies":[{"name":"wp","href":"https:\/\/api.w.org\/{rel}","templated":true}]}}