{"id":7786,"date":"2026-04-24T10:48:13","date_gmt":"2026-04-24T08:48:13","guid":{"rendered":"https:\/\/sartorialuminarie.it\/?post_type=product&#038;p=7786"},"modified":"2026-04-24T11:03:45","modified_gmt":"2026-04-24T09:03:45","slug":"kew-sapone-240gr-pineapple-pink-lot","status":"publish","type":"product","link":"https:\/\/sartorialuminarie.it\/en\/prodotti\/beauty\/kew-sapone-240gr-pineapple-pink-lot\/","title":{"rendered":"KEW SAPONE 240GR PINEAPPLE &#038; PINK LOT"},"content":{"rendered":"<p>Kew Gardens Sapone 240g Pineapple &#038; Pink Lotus<br \/>\nUn sapone vegetale di alta qualit\u00e0 che unisce delicatezza e benessere, ispirato alla tradizione inglese. Il Kew Gardens Pineapple &#038; Pink Lotus \u00e8 formulato con burro di karit\u00e9 e glicerina vegetale, ingredienti dalle propriet\u00e0 idratanti ed emollienti che aiutano a mantenere la pelle morbida, liscia e piacevolmente profumata.<br \/>\nLa fragranza \u00e8 esotica e luminosa: le note succose e vivaci dell\u2019ananas si fondono con l\u2019eleganza floreale del loto rosa, creando un profumo fresco e raffinato. Il cuore floreale dona armonia alla composizione, mentre le note di fondo morbide e leggermente dolci regalano una sensazione avvolgente e duratura.<br \/>\nProdotto nel Regno Unito, questo sapone \u00e8 vegan friendly e cruelty free, confezionato in carta riciclabile decorata con eleganti illustrazioni botaniche ispirate agli archivi dei Kew Gardens. Perfetto per l\u2019uso quotidiano o come idea regalo raffinata.<br \/>\nCaratteristiche principali:<br \/>\nPeso: 240 g<br \/>\nFormula con burro di karit\u00e9 e glicerina vegetale<br \/>\nProfumazione esotica, fruttata e floreale<br \/>\nDeterge delicatamente senza seccare la pelle<br \/>\nAdatto a tutti i tipi di pelle<br \/>\nVegan e cruelty free<br \/>\nPackaging ecologico e riciclabile<\/p>\n","protected":false},"excerpt":{"rendered":"<p>Kew Gardens Sapone 240g Pineapple &#038; Pink Lotus Un sapone vegetale di alta qualit\u00e0 che unisce delicatezza e benessere, ispirato&#8230;<\/p>\n","protected":false},"featured_media":7791,"template":"","meta":{"_acf_changed":false},"product_cat":[79],"product_tag":[],"class_list":{"0":"post-7786","1":"product","2":"type-product","3":"status-publish","4":"has-post-thumbnail","6":"product_cat-beauty","8":"first","9":"instock","10":"shipping-taxable","11":"purchasable","12":"product-type-simple"},"acf":[],"yoast_head":"<!-- This site is optimized with the Yoast SEO plugin v26.9 - https:\/\/yoast.com\/product\/yoast-seo-wordpress\/ -->\n<title>KEW SAPONE 240GR PINEAPPLE &amp; PINK LOT - Beauty | Sartoria Luminarie<\/title>\n<meta name=\"description\" content=\"Kew Gardens Sapone 240g Pineapple &amp; Pink Lotus Un sapone vegetale di alta qualit\u00e0 che unisce delicatezza e benessere, ispirato alla tradizione inglese. Il\" \/>\n<meta name=\"robots\" content=\"index, follow, max-snippet:-1, max-image-preview:large, max-video-preview:-1\" \/>\n<link rel=\"canonical\" href=\"https:\/\/sartorialuminarie.it\/en\/prodotti\/beauty\/kew-sapone-240gr-pineapple-pink-lot\/\" \/>\n<meta property=\"og:locale\" content=\"en_US\" \/>\n<meta property=\"og:type\" content=\"article\" \/>\n<meta property=\"og:title\" content=\"KEW SAPONE 240GR PINEAPPLE &amp; PINK LOT - Beauty | Sartoria Luminarie\" \/>\n<meta property=\"og:description\" content=\"Kew Gardens Sapone 240g Pineapple &amp; Pink Lotus Un sapone vegetale di alta qualit\u00e0 che unisce delicatezza e benessere, ispirato alla tradizione inglese. Il\" \/>\n<meta property=\"og:url\" content=\"https:\/\/sartorialuminarie.it\/en\/prodotti\/beauty\/kew-sapone-240gr-pineapple-pink-lot\/\" \/>\n<meta property=\"og:site_name\" content=\"Sartoria Luminarie\" \/>\n<meta property=\"article:publisher\" content=\"https:\/\/www.facebook.com\/sartoriailfioreallocchiello\" \/>\n<meta property=\"article:modified_time\" content=\"2026-04-24T09:03:45+00:00\" \/>\n<meta property=\"og:image\" content=\"https:\/\/sartorialuminarie.it\/wp-content\/uploads\/2026\/04\/thtrhtryj.png\" \/>\n\t<meta property=\"og:image:width\" content=\"1400\" \/>\n\t<meta property=\"og:image:height\" content=\"1400\" \/>\n\t<meta property=\"og:image:type\" content=\"image\/png\" \/>\n<meta name=\"twitter:card\" content=\"summary_large_image\" \/>\n<meta name=\"twitter:label1\" content=\"Est. reading time\" \/>\n\t<meta name=\"twitter:data1\" content=\"2 minutes\" \/>\n<script type=\"application\/ld+json\" class=\"yoast-schema-graph\">{\"@context\":\"https:\/\/schema.org\",\"@graph\":[{\"@type\":\"WebPage\",\"@id\":\"https:\/\/sartorialuminarie.it\/en\/prodotti\/beauty\/kew-sapone-240gr-pineapple-pink-lot\/\",\"url\":\"https:\/\/sartorialuminarie.it\/en\/prodotti\/beauty\/kew-sapone-240gr-pineapple-pink-lot\/\",\"name\":\"KEW SAPONE 240GR PINEAPPLE & PINK LOT - Beauty | Sartoria Luminarie\",\"isPartOf\":{\"@id\":\"https:\/\/sartorialuminarie.it\/en\/#website\"},\"primaryImageOfPage\":{\"@id\":\"https:\/\/sartorialuminarie.it\/en\/prodotti\/beauty\/kew-sapone-240gr-pineapple-pink-lot\/#primaryimage\"},\"image\":{\"@id\":\"https:\/\/sartorialuminarie.it\/en\/prodotti\/beauty\/kew-sapone-240gr-pineapple-pink-lot\/#primaryimage\"},\"thumbnailUrl\":\"https:\/\/sartorialuminarie.it\/wp-content\/uploads\/2026\/04\/thtrhtryj.png\",\"datePublished\":\"2026-04-24T08:48:13+00:00\",\"dateModified\":\"2026-04-24T09:03:45+00:00\",\"description\":\"Kew Gardens Sapone 240g Pineapple & Pink Lotus Un sapone vegetale di alta qualit\u00e0 che unisce delicatezza e benessere, ispirato alla tradizione inglese. Il\",\"breadcrumb\":{\"@id\":\"https:\/\/sartorialuminarie.it\/en\/prodotti\/beauty\/kew-sapone-240gr-pineapple-pink-lot\/#breadcrumb\"},\"inLanguage\":\"en-US\",\"potentialAction\":[{\"@type\":\"ReadAction\",\"target\":[\"https:\/\/sartorialuminarie.it\/en\/prodotti\/beauty\/kew-sapone-240gr-pineapple-pink-lot\/\"]}]},{\"@type\":\"ImageObject\",\"inLanguage\":\"en-US\",\"@id\":\"https:\/\/sartorialuminarie.it\/en\/prodotti\/beauty\/kew-sapone-240gr-pineapple-pink-lot\/#primaryimage\",\"url\":\"https:\/\/sartorialuminarie.it\/wp-content\/uploads\/2026\/04\/thtrhtryj.png\",\"contentUrl\":\"https:\/\/sartorialuminarie.it\/wp-content\/uploads\/2026\/04\/thtrhtryj.png\",\"width\":1400,\"height\":1400},{\"@type\":\"BreadcrumbList\",\"@id\":\"https:\/\/sartorialuminarie.it\/en\/prodotti\/beauty\/kew-sapone-240gr-pineapple-pink-lot\/#breadcrumb\",\"itemListElement\":[{\"@type\":\"ListItem\",\"position\":1,\"name\":\"Home\",\"item\":\"https:\/\/sartorialuminarie.it\/en\/\"},{\"@type\":\"ListItem\",\"position\":2,\"name\":\"Shop\",\"item\":\"https:\/\/sartorialuminarie.it\/catalogo\/\"},{\"@type\":\"ListItem\",\"position\":3,\"name\":\"KEW SAPONE 240GR PINEAPPLE &#038; PINK LOT\"}]},{\"@type\":\"WebSite\",\"@id\":\"https:\/\/sartorialuminarie.it\/en\/#website\",\"url\":\"https:\/\/sartorialuminarie.it\/en\/\",\"name\":\"Sartoria Luminarie\",\"description\":\"\",\"publisher\":{\"@id\":\"https:\/\/sartorialuminarie.it\/en\/#organization\"},\"potentialAction\":[{\"@type\":\"SearchAction\",\"target\":{\"@type\":\"EntryPoint\",\"urlTemplate\":\"https:\/\/sartorialuminarie.it\/en\/?s={search_term_string}\"},\"query-input\":{\"@type\":\"PropertyValueSpecification\",\"valueRequired\":true,\"valueName\":\"search_term_string\"}}],\"inLanguage\":\"en-US\"},{\"@type\":\"Organization\",\"@id\":\"https:\/\/sartorialuminarie.it\/en\/#organization\",\"name\":\"Sartoria Luminarie\",\"url\":\"https:\/\/sartorialuminarie.it\/en\/\",\"logo\":{\"@type\":\"ImageObject\",\"inLanguage\":\"en-US\",\"@id\":\"https:\/\/sartorialuminarie.it\/en\/#\/schema\/logo\/image\/\",\"url\":\"https:\/\/sartorialuminarie.it\/wp-content\/uploads\/2025\/11\/cropped-favicon-logo-luminarie.jpg\",\"contentUrl\":\"https:\/\/sartorialuminarie.it\/wp-content\/uploads\/2025\/11\/cropped-favicon-logo-luminarie.jpg\",\"width\":512,\"height\":512,\"caption\":\"Sartoria Luminarie\"},\"image\":{\"@id\":\"https:\/\/sartorialuminarie.it\/en\/#\/schema\/logo\/image\/\"},\"sameAs\":[\"https:\/\/www.facebook.com\/sartoriailfioreallocchiello\",\"https:\/\/www.instagram.com\/sartoria_luminarie_bologna\"]}]}<\/script>\n<!-- \/ Yoast SEO plugin. -->","yoast_head_json":{"title":"KEW SAPONE 240GR PINEAPPLE & PINK LOT - Beauty | Sartoria Luminarie","description":"Kew Gardens Sapone 240g Pineapple & Pink Lotus Un sapone vegetale di alta qualit\u00e0 che unisce delicatezza e benessere, ispirato alla tradizione inglese. Il","robots":{"index":"index","follow":"follow","max-snippet":"max-snippet:-1","max-image-preview":"max-image-preview:large","max-video-preview":"max-video-preview:-1"},"canonical":"https:\/\/sartorialuminarie.it\/en\/prodotti\/beauty\/kew-sapone-240gr-pineapple-pink-lot\/","og_locale":"en_US","og_type":"article","og_title":"KEW SAPONE 240GR PINEAPPLE & PINK LOT - Beauty | Sartoria Luminarie","og_description":"Kew Gardens Sapone 240g Pineapple & Pink Lotus Un sapone vegetale di alta qualit\u00e0 che unisce delicatezza e benessere, ispirato alla tradizione inglese. Il","og_url":"https:\/\/sartorialuminarie.it\/en\/prodotti\/beauty\/kew-sapone-240gr-pineapple-pink-lot\/","og_site_name":"Sartoria Luminarie","article_publisher":"https:\/\/www.facebook.com\/sartoriailfioreallocchiello","article_modified_time":"2026-04-24T09:03:45+00:00","og_image":[{"width":1400,"height":1400,"url":"https:\/\/sartorialuminarie.it\/wp-content\/uploads\/2026\/04\/thtrhtryj.png","type":"image\/png"}],"twitter_card":"summary_large_image","twitter_misc":{"Est. reading time":"2 minutes"},"schema":{"@context":"https:\/\/schema.org","@graph":[{"@type":"WebPage","@id":"https:\/\/sartorialuminarie.it\/en\/prodotti\/beauty\/kew-sapone-240gr-pineapple-pink-lot\/","url":"https:\/\/sartorialuminarie.it\/en\/prodotti\/beauty\/kew-sapone-240gr-pineapple-pink-lot\/","name":"KEW SAPONE 240GR PINEAPPLE & PINK LOT - Beauty | Sartoria Luminarie","isPartOf":{"@id":"https:\/\/sartorialuminarie.it\/en\/#website"},"primaryImageOfPage":{"@id":"https:\/\/sartorialuminarie.it\/en\/prodotti\/beauty\/kew-sapone-240gr-pineapple-pink-lot\/#primaryimage"},"image":{"@id":"https:\/\/sartorialuminarie.it\/en\/prodotti\/beauty\/kew-sapone-240gr-pineapple-pink-lot\/#primaryimage"},"thumbnailUrl":"https:\/\/sartorialuminarie.it\/wp-content\/uploads\/2026\/04\/thtrhtryj.png","datePublished":"2026-04-24T08:48:13+00:00","dateModified":"2026-04-24T09:03:45+00:00","description":"Kew Gardens Sapone 240g Pineapple & Pink Lotus Un sapone vegetale di alta qualit\u00e0 che unisce delicatezza e benessere, ispirato alla tradizione inglese. Il","breadcrumb":{"@id":"https:\/\/sartorialuminarie.it\/en\/prodotti\/beauty\/kew-sapone-240gr-pineapple-pink-lot\/#breadcrumb"},"inLanguage":"en-US","potentialAction":[{"@type":"ReadAction","target":["https:\/\/sartorialuminarie.it\/en\/prodotti\/beauty\/kew-sapone-240gr-pineapple-pink-lot\/"]}]},{"@type":"ImageObject","inLanguage":"en-US","@id":"https:\/\/sartorialuminarie.it\/en\/prodotti\/beauty\/kew-sapone-240gr-pineapple-pink-lot\/#primaryimage","url":"https:\/\/sartorialuminarie.it\/wp-content\/uploads\/2026\/04\/thtrhtryj.png","contentUrl":"https:\/\/sartorialuminarie.it\/wp-content\/uploads\/2026\/04\/thtrhtryj.png","width":1400,"height":1400},{"@type":"BreadcrumbList","@id":"https:\/\/sartorialuminarie.it\/en\/prodotti\/beauty\/kew-sapone-240gr-pineapple-pink-lot\/#breadcrumb","itemListElement":[{"@type":"ListItem","position":1,"name":"Home","item":"https:\/\/sartorialuminarie.it\/en\/"},{"@type":"ListItem","position":2,"name":"Shop","item":"https:\/\/sartorialuminarie.it\/catalogo\/"},{"@type":"ListItem","position":3,"name":"KEW SAPONE 240GR PINEAPPLE &#038; PINK LOT"}]},{"@type":"WebSite","@id":"https:\/\/sartorialuminarie.it\/en\/#website","url":"https:\/\/sartorialuminarie.it\/en\/","name":"Sartoria Luminarie","description":"","publisher":{"@id":"https:\/\/sartorialuminarie.it\/en\/#organization"},"potentialAction":[{"@type":"SearchAction","target":{"@type":"EntryPoint","urlTemplate":"https:\/\/sartorialuminarie.it\/en\/?s={search_term_string}"},"query-input":{"@type":"PropertyValueSpecification","valueRequired":true,"valueName":"search_term_string"}}],"inLanguage":"en-US"},{"@type":"Organization","@id":"https:\/\/sartorialuminarie.it\/en\/#organization","name":"Sartoria Luminarie","url":"https:\/\/sartorialuminarie.it\/en\/","logo":{"@type":"ImageObject","inLanguage":"en-US","@id":"https:\/\/sartorialuminarie.it\/en\/#\/schema\/logo\/image\/","url":"https:\/\/sartorialuminarie.it\/wp-content\/uploads\/2025\/11\/cropped-favicon-logo-luminarie.jpg","contentUrl":"https:\/\/sartorialuminarie.it\/wp-content\/uploads\/2025\/11\/cropped-favicon-logo-luminarie.jpg","width":512,"height":512,"caption":"Sartoria Luminarie"},"image":{"@id":"https:\/\/sartorialuminarie.it\/en\/#\/schema\/logo\/image\/"},"sameAs":["https:\/\/www.facebook.com\/sartoriailfioreallocchiello","https:\/\/www.instagram.com\/sartoria_luminarie_bologna"]}]}},"_links":{"self":[{"href":"https:\/\/sartorialuminarie.it\/en\/wp-json\/wp\/v2\/product\/7786","targetHints":{"allow":["GET"]}}],"collection":[{"href":"https:\/\/sartorialuminarie.it\/en\/wp-json\/wp\/v2\/product"}],"about":[{"href":"https:\/\/sartorialuminarie.it\/en\/wp-json\/wp\/v2\/types\/product"}],"wp:featuredmedia":[{"embeddable":true,"href":"https:\/\/sartorialuminarie.it\/en\/wp-json\/wp\/v2\/media\/7791"}],"wp:attachment":[{"href":"https:\/\/sartorialuminarie.it\/en\/wp-json\/wp\/v2\/media?parent=7786"}],"wp:term":[{"taxonomy":"product_cat","embeddable":true,"href":"https:\/\/sartorialuminarie.it\/en\/wp-json\/wp\/v2\/product_cat?post=7786"},{"taxonomy":"product_tag","embeddable":true,"href":"https:\/\/sartorialuminarie.it\/en\/wp-json\/wp\/v2\/product_tag?post=7786"}],"curies":[{"name":"wp","href":"https:\/\/api.w.org\/{rel}","templated":true}]}}