{"id":7779,"date":"2026-04-24T10:42:47","date_gmt":"2026-04-24T08:42:47","guid":{"rendered":"https:\/\/sartorialuminarie.it\/?post_type=product&#038;p=7779"},"modified":"2026-04-24T10:47:40","modified_gmt":"2026-04-24T08:47:40","slug":"kew-sapone-240gr-fig-grapes","status":"publish","type":"product","link":"https:\/\/sartorialuminarie.it\/en\/prodotti\/beauty\/kew-sapone-240gr-fig-grapes\/","title":{"rendered":"KEW SAPONE 240GR FIG &#038; GRAPES"},"content":{"rendered":"<p>Kew Gardens Sapone 240g Fig &#038; Grapes<br \/>\nUn sapone vegetale di alta qualit\u00e0 ispirato alla tradizione inglese, pensato per detergere la pelle con delicatezza e donare una piacevole sensazione di morbidezza. Il Kew Gardens Fig &#038; Grapes \u00e8 arricchito con burro di karit\u00e9 e glicerina vegetale, ingredienti noti per le loro propriet\u00e0 idratanti ed emollienti, ideali per mantenere la pelle nutrita e vellutata giorno dopo giorno.<br \/>\nLa fragranza \u00e8 ricca, fruttata e avvolgente: le note dolci e mature del fico si fondono con la freschezza succosa dell\u2019uva, creando un profumo armonioso e raffinato. Il cuore si arricchisce di sfumature delicate e leggermente floreali, mentre il fondo caldo e morbido dona profondit\u00e0 e persistenza alla profumazione.<br \/>\nProdotto nel Regno Unito, questo sapone \u00e8 vegan friendly e cruelty free, confezionato in carta riciclabile con eleganti illustrazioni botaniche ispirate agli archivi dei Kew Gardens, perfetto anche come idea regalo.<br \/>\nCaratteristiche principali:<br \/>\nPeso: 240 g<br \/>\nFormula con burro di karit\u00e9 e glicerina vegetale<br \/>\nProfumazione fruttata, dolce e raffinata<br \/>\nDeterge delicatamente senza seccare la pelle<br \/>\nAdatto a tutti i tipi di pelle<br \/>\nVegan e cruelty free<br \/>\nPackaging ecologico e riciclabile<strong><\/strong><\/p>\n","protected":false},"excerpt":{"rendered":"<p>Kew Gardens Sapone 240g Fig &#038; Grapes Un sapone vegetale di alta qualit\u00e0 ispirato alla tradizione inglese, pensato per detergere&#8230;<\/p>\n","protected":false},"featured_media":7780,"template":"","meta":{"_acf_changed":false},"product_cat":[79],"product_tag":[],"class_list":{"0":"post-7779","1":"product","2":"type-product","3":"status-publish","4":"has-post-thumbnail","6":"product_cat-beauty","8":"first","9":"instock","10":"shipping-taxable","11":"purchasable","12":"product-type-simple"},"acf":[],"yoast_head":"<!-- This site is optimized with the Yoast SEO plugin v26.9 - https:\/\/yoast.com\/product\/yoast-seo-wordpress\/ -->\n<title>KEW SAPONE 240GR FIG &amp; GRAPES - Beauty | Sartoria Luminarie<\/title>\n<meta name=\"description\" content=\"Kew Gardens Sapone 240g Fig &amp; Grapes Un sapone vegetale di alta qualit\u00e0 ispirato alla tradizione inglese, pensato per detergere la pelle con delicatezza e\" \/>\n<meta name=\"robots\" content=\"index, follow, max-snippet:-1, max-image-preview:large, max-video-preview:-1\" \/>\n<link rel=\"canonical\" href=\"https:\/\/sartorialuminarie.it\/en\/prodotti\/beauty\/kew-sapone-240gr-fig-grapes\/\" \/>\n<meta property=\"og:locale\" content=\"en_US\" \/>\n<meta property=\"og:type\" content=\"article\" \/>\n<meta property=\"og:title\" content=\"KEW SAPONE 240GR FIG &amp; GRAPES - Beauty | Sartoria Luminarie\" \/>\n<meta property=\"og:description\" content=\"Kew Gardens Sapone 240g Fig &amp; Grapes Un sapone vegetale di alta qualit\u00e0 ispirato alla tradizione inglese, pensato per detergere la pelle con delicatezza e\" \/>\n<meta property=\"og:url\" content=\"https:\/\/sartorialuminarie.it\/en\/prodotti\/beauty\/kew-sapone-240gr-fig-grapes\/\" \/>\n<meta property=\"og:site_name\" content=\"Sartoria Luminarie\" \/>\n<meta property=\"article:publisher\" content=\"https:\/\/www.facebook.com\/sartoriailfioreallocchiello\" \/>\n<meta property=\"article:modified_time\" content=\"2026-04-24T08:47:40+00:00\" \/>\n<meta property=\"og:image\" content=\"https:\/\/sartorialuminarie.it\/wp-content\/uploads\/2026\/04\/6hh656u.png\" \/>\n\t<meta property=\"og:image:width\" content=\"1400\" \/>\n\t<meta property=\"og:image:height\" content=\"1400\" \/>\n\t<meta property=\"og:image:type\" content=\"image\/png\" \/>\n<meta name=\"twitter:card\" content=\"summary_large_image\" \/>\n<meta name=\"twitter:label1\" content=\"Est. reading time\" \/>\n\t<meta name=\"twitter:data1\" content=\"2 minutes\" \/>\n<script type=\"application\/ld+json\" class=\"yoast-schema-graph\">{\"@context\":\"https:\/\/schema.org\",\"@graph\":[{\"@type\":\"WebPage\",\"@id\":\"https:\/\/sartorialuminarie.it\/en\/prodotti\/beauty\/kew-sapone-240gr-fig-grapes\/\",\"url\":\"https:\/\/sartorialuminarie.it\/en\/prodotti\/beauty\/kew-sapone-240gr-fig-grapes\/\",\"name\":\"KEW SAPONE 240GR FIG & GRAPES - Beauty | Sartoria Luminarie\",\"isPartOf\":{\"@id\":\"https:\/\/sartorialuminarie.it\/en\/#website\"},\"primaryImageOfPage\":{\"@id\":\"https:\/\/sartorialuminarie.it\/en\/prodotti\/beauty\/kew-sapone-240gr-fig-grapes\/#primaryimage\"},\"image\":{\"@id\":\"https:\/\/sartorialuminarie.it\/en\/prodotti\/beauty\/kew-sapone-240gr-fig-grapes\/#primaryimage\"},\"thumbnailUrl\":\"https:\/\/sartorialuminarie.it\/wp-content\/uploads\/2026\/04\/6hh656u.png\",\"datePublished\":\"2026-04-24T08:42:47+00:00\",\"dateModified\":\"2026-04-24T08:47:40+00:00\",\"description\":\"Kew Gardens Sapone 240g Fig & Grapes Un sapone vegetale di alta qualit\u00e0 ispirato alla tradizione inglese, pensato per detergere la pelle con delicatezza e\",\"breadcrumb\":{\"@id\":\"https:\/\/sartorialuminarie.it\/en\/prodotti\/beauty\/kew-sapone-240gr-fig-grapes\/#breadcrumb\"},\"inLanguage\":\"en-US\",\"potentialAction\":[{\"@type\":\"ReadAction\",\"target\":[\"https:\/\/sartorialuminarie.it\/en\/prodotti\/beauty\/kew-sapone-240gr-fig-grapes\/\"]}]},{\"@type\":\"ImageObject\",\"inLanguage\":\"en-US\",\"@id\":\"https:\/\/sartorialuminarie.it\/en\/prodotti\/beauty\/kew-sapone-240gr-fig-grapes\/#primaryimage\",\"url\":\"https:\/\/sartorialuminarie.it\/wp-content\/uploads\/2026\/04\/6hh656u.png\",\"contentUrl\":\"https:\/\/sartorialuminarie.it\/wp-content\/uploads\/2026\/04\/6hh656u.png\",\"width\":1400,\"height\":1400},{\"@type\":\"BreadcrumbList\",\"@id\":\"https:\/\/sartorialuminarie.it\/en\/prodotti\/beauty\/kew-sapone-240gr-fig-grapes\/#breadcrumb\",\"itemListElement\":[{\"@type\":\"ListItem\",\"position\":1,\"name\":\"Home\",\"item\":\"https:\/\/sartorialuminarie.it\/en\/\"},{\"@type\":\"ListItem\",\"position\":2,\"name\":\"Shop\",\"item\":\"https:\/\/sartorialuminarie.it\/catalogo\/\"},{\"@type\":\"ListItem\",\"position\":3,\"name\":\"KEW SAPONE 240GR FIG &#038; GRAPES\"}]},{\"@type\":\"WebSite\",\"@id\":\"https:\/\/sartorialuminarie.it\/en\/#website\",\"url\":\"https:\/\/sartorialuminarie.it\/en\/\",\"name\":\"Sartoria Luminarie\",\"description\":\"\",\"publisher\":{\"@id\":\"https:\/\/sartorialuminarie.it\/en\/#organization\"},\"potentialAction\":[{\"@type\":\"SearchAction\",\"target\":{\"@type\":\"EntryPoint\",\"urlTemplate\":\"https:\/\/sartorialuminarie.it\/en\/?s={search_term_string}\"},\"query-input\":{\"@type\":\"PropertyValueSpecification\",\"valueRequired\":true,\"valueName\":\"search_term_string\"}}],\"inLanguage\":\"en-US\"},{\"@type\":\"Organization\",\"@id\":\"https:\/\/sartorialuminarie.it\/en\/#organization\",\"name\":\"Sartoria Luminarie\",\"url\":\"https:\/\/sartorialuminarie.it\/en\/\",\"logo\":{\"@type\":\"ImageObject\",\"inLanguage\":\"en-US\",\"@id\":\"https:\/\/sartorialuminarie.it\/en\/#\/schema\/logo\/image\/\",\"url\":\"https:\/\/sartorialuminarie.it\/wp-content\/uploads\/2025\/11\/cropped-favicon-logo-luminarie.jpg\",\"contentUrl\":\"https:\/\/sartorialuminarie.it\/wp-content\/uploads\/2025\/11\/cropped-favicon-logo-luminarie.jpg\",\"width\":512,\"height\":512,\"caption\":\"Sartoria Luminarie\"},\"image\":{\"@id\":\"https:\/\/sartorialuminarie.it\/en\/#\/schema\/logo\/image\/\"},\"sameAs\":[\"https:\/\/www.facebook.com\/sartoriailfioreallocchiello\",\"https:\/\/www.instagram.com\/sartoria_luminarie_bologna\"]}]}<\/script>\n<!-- \/ Yoast SEO plugin. -->","yoast_head_json":{"title":"KEW SAPONE 240GR FIG & GRAPES - Beauty | Sartoria Luminarie","description":"Kew Gardens Sapone 240g Fig & Grapes Un sapone vegetale di alta qualit\u00e0 ispirato alla tradizione inglese, pensato per detergere la pelle con delicatezza e","robots":{"index":"index","follow":"follow","max-snippet":"max-snippet:-1","max-image-preview":"max-image-preview:large","max-video-preview":"max-video-preview:-1"},"canonical":"https:\/\/sartorialuminarie.it\/en\/prodotti\/beauty\/kew-sapone-240gr-fig-grapes\/","og_locale":"en_US","og_type":"article","og_title":"KEW SAPONE 240GR FIG & GRAPES - Beauty | Sartoria Luminarie","og_description":"Kew Gardens Sapone 240g Fig & Grapes Un sapone vegetale di alta qualit\u00e0 ispirato alla tradizione inglese, pensato per detergere la pelle con delicatezza e","og_url":"https:\/\/sartorialuminarie.it\/en\/prodotti\/beauty\/kew-sapone-240gr-fig-grapes\/","og_site_name":"Sartoria Luminarie","article_publisher":"https:\/\/www.facebook.com\/sartoriailfioreallocchiello","article_modified_time":"2026-04-24T08:47:40+00:00","og_image":[{"width":1400,"height":1400,"url":"https:\/\/sartorialuminarie.it\/wp-content\/uploads\/2026\/04\/6hh656u.png","type":"image\/png"}],"twitter_card":"summary_large_image","twitter_misc":{"Est. reading time":"2 minutes"},"schema":{"@context":"https:\/\/schema.org","@graph":[{"@type":"WebPage","@id":"https:\/\/sartorialuminarie.it\/en\/prodotti\/beauty\/kew-sapone-240gr-fig-grapes\/","url":"https:\/\/sartorialuminarie.it\/en\/prodotti\/beauty\/kew-sapone-240gr-fig-grapes\/","name":"KEW SAPONE 240GR FIG & GRAPES - Beauty | Sartoria Luminarie","isPartOf":{"@id":"https:\/\/sartorialuminarie.it\/en\/#website"},"primaryImageOfPage":{"@id":"https:\/\/sartorialuminarie.it\/en\/prodotti\/beauty\/kew-sapone-240gr-fig-grapes\/#primaryimage"},"image":{"@id":"https:\/\/sartorialuminarie.it\/en\/prodotti\/beauty\/kew-sapone-240gr-fig-grapes\/#primaryimage"},"thumbnailUrl":"https:\/\/sartorialuminarie.it\/wp-content\/uploads\/2026\/04\/6hh656u.png","datePublished":"2026-04-24T08:42:47+00:00","dateModified":"2026-04-24T08:47:40+00:00","description":"Kew Gardens Sapone 240g Fig & Grapes Un sapone vegetale di alta qualit\u00e0 ispirato alla tradizione inglese, pensato per detergere la pelle con delicatezza e","breadcrumb":{"@id":"https:\/\/sartorialuminarie.it\/en\/prodotti\/beauty\/kew-sapone-240gr-fig-grapes\/#breadcrumb"},"inLanguage":"en-US","potentialAction":[{"@type":"ReadAction","target":["https:\/\/sartorialuminarie.it\/en\/prodotti\/beauty\/kew-sapone-240gr-fig-grapes\/"]}]},{"@type":"ImageObject","inLanguage":"en-US","@id":"https:\/\/sartorialuminarie.it\/en\/prodotti\/beauty\/kew-sapone-240gr-fig-grapes\/#primaryimage","url":"https:\/\/sartorialuminarie.it\/wp-content\/uploads\/2026\/04\/6hh656u.png","contentUrl":"https:\/\/sartorialuminarie.it\/wp-content\/uploads\/2026\/04\/6hh656u.png","width":1400,"height":1400},{"@type":"BreadcrumbList","@id":"https:\/\/sartorialuminarie.it\/en\/prodotti\/beauty\/kew-sapone-240gr-fig-grapes\/#breadcrumb","itemListElement":[{"@type":"ListItem","position":1,"name":"Home","item":"https:\/\/sartorialuminarie.it\/en\/"},{"@type":"ListItem","position":2,"name":"Shop","item":"https:\/\/sartorialuminarie.it\/catalogo\/"},{"@type":"ListItem","position":3,"name":"KEW SAPONE 240GR FIG &#038; GRAPES"}]},{"@type":"WebSite","@id":"https:\/\/sartorialuminarie.it\/en\/#website","url":"https:\/\/sartorialuminarie.it\/en\/","name":"Sartoria Luminarie","description":"","publisher":{"@id":"https:\/\/sartorialuminarie.it\/en\/#organization"},"potentialAction":[{"@type":"SearchAction","target":{"@type":"EntryPoint","urlTemplate":"https:\/\/sartorialuminarie.it\/en\/?s={search_term_string}"},"query-input":{"@type":"PropertyValueSpecification","valueRequired":true,"valueName":"search_term_string"}}],"inLanguage":"en-US"},{"@type":"Organization","@id":"https:\/\/sartorialuminarie.it\/en\/#organization","name":"Sartoria Luminarie","url":"https:\/\/sartorialuminarie.it\/en\/","logo":{"@type":"ImageObject","inLanguage":"en-US","@id":"https:\/\/sartorialuminarie.it\/en\/#\/schema\/logo\/image\/","url":"https:\/\/sartorialuminarie.it\/wp-content\/uploads\/2025\/11\/cropped-favicon-logo-luminarie.jpg","contentUrl":"https:\/\/sartorialuminarie.it\/wp-content\/uploads\/2025\/11\/cropped-favicon-logo-luminarie.jpg","width":512,"height":512,"caption":"Sartoria Luminarie"},"image":{"@id":"https:\/\/sartorialuminarie.it\/en\/#\/schema\/logo\/image\/"},"sameAs":["https:\/\/www.facebook.com\/sartoriailfioreallocchiello","https:\/\/www.instagram.com\/sartoria_luminarie_bologna"]}]}},"_links":{"self":[{"href":"https:\/\/sartorialuminarie.it\/en\/wp-json\/wp\/v2\/product\/7779","targetHints":{"allow":["GET"]}}],"collection":[{"href":"https:\/\/sartorialuminarie.it\/en\/wp-json\/wp\/v2\/product"}],"about":[{"href":"https:\/\/sartorialuminarie.it\/en\/wp-json\/wp\/v2\/types\/product"}],"wp:featuredmedia":[{"embeddable":true,"href":"https:\/\/sartorialuminarie.it\/en\/wp-json\/wp\/v2\/media\/7780"}],"wp:attachment":[{"href":"https:\/\/sartorialuminarie.it\/en\/wp-json\/wp\/v2\/media?parent=7779"}],"wp:term":[{"taxonomy":"product_cat","embeddable":true,"href":"https:\/\/sartorialuminarie.it\/en\/wp-json\/wp\/v2\/product_cat?post=7779"},{"taxonomy":"product_tag","embeddable":true,"href":"https:\/\/sartorialuminarie.it\/en\/wp-json\/wp\/v2\/product_tag?post=7779"}],"curies":[{"name":"wp","href":"https:\/\/api.w.org\/{rel}","templated":true}]}}