{"id":6850,"date":"2026-03-06T18:47:32","date_gmt":"2026-03-06T17:47:32","guid":{"rendered":"https:\/\/sartorialuminarie.it\/?post_type=product&#038;p=6850"},"modified":"2026-03-06T18:49:31","modified_gmt":"2026-03-06T17:49:31","slug":"farfalla-small-con-specchio-abigaille","status":"publish","type":"product","link":"https:\/\/sartorialuminarie.it\/en\/prodotti\/decorazioni-da-parete\/animali-decorativi\/farfalla-small-con-specchio-abigaille\/","title":{"rendered":"FARFALLA SMALL CON SPECCHIO &#8211; ABIGAILLE"},"content":{"rendered":"<p>Un delicato elemento d\u00e9cor ispirato alla natura che unisce estetica e funzionalit\u00e0. La farfalla Abigaille \u00e8 realizzata in MDF da legno riciclato e rifinita con vernici non tossiche, per un oggetto decorativo sostenibile e curato nei dettagli.<br \/>\nAprendo le ali si scopre un piccolo spazio interno multifunzionale: pu\u00f2 essere utilizzato con ganci per le chiavi, come piccola mensolina oppure con un pratico specchietto, rendendola perfetta per l\u2019ingresso, la camera o un angolo della casa che necessita di un dettaglio utile e originale.<br \/>\nLeggera, sorprendente e dal design poetico, questa farfalla aggiunge un tocco creativo e naturale agli ambienti. Il prodotto viene confezionato steso per facilitare lo stoccaggio e la spedizione.<br \/>\nCaratteristiche<br \/>\nMateriale: MDF (legno riciclato)<br \/>\nSpecchietto interno con spazio multifunzionale<br \/>\nGanci per chiavi o piccola mensola<br \/>\nVernici non tossiche<br \/>\nConfezionato steso per trasporto e stoccaggio efficienti<br \/>\nUso interno<br \/>\nMade in Europe \ud83c\udf3f\ud83e\udd8b\u2728<\/p>\n","protected":false},"excerpt":{"rendered":"<p>Un delicato elemento d\u00e9cor ispirato alla natura che unisce estetica e funzionalit\u00e0. La farfalla Abigaille \u00e8 realizzata in MDF da&#8230;<\/p>\n","protected":false},"featured_media":6844,"template":"","meta":{"_acf_changed":false},"product_cat":[47,34],"product_tag":[],"class_list":{"0":"post-6850","1":"product","2":"type-product","3":"status-publish","4":"has-post-thumbnail","6":"product_cat-animali-decorativi","7":"product_cat-decorazioni-da-parete","9":"first","10":"instock","11":"shipping-taxable","12":"purchasable","13":"product-type-simple"},"acf":[],"yoast_head":"<!-- This site is optimized with the Yoast SEO plugin v26.9 - https:\/\/yoast.com\/product\/yoast-seo-wordpress\/ -->\n<title>FARFALLA SMALL CON SPECCHIO - ABIGAILLE - Animali decorativi, Decorazioni da parete | Sartoria Luminarie<\/title>\n<meta name=\"description\" content=\"Un delicato elemento d\u00e9cor ispirato alla natura che unisce estetica e funzionalit\u00e0. La farfalla Abigaille \u00e8 realizzata in MDF da legno riciclato e\" \/>\n<meta name=\"robots\" content=\"index, follow, max-snippet:-1, max-image-preview:large, max-video-preview:-1\" \/>\n<link rel=\"canonical\" href=\"https:\/\/sartorialuminarie.it\/en\/prodotti\/decorazioni-da-parete\/animali-decorativi\/farfalla-small-con-specchio-abigaille\/\" \/>\n<meta property=\"og:locale\" content=\"en_US\" \/>\n<meta property=\"og:type\" content=\"article\" \/>\n<meta property=\"og:title\" content=\"FARFALLA SMALL CON SPECCHIO - ABIGAILLE - Animali decorativi, Decorazioni da parete | Sartoria Luminarie\" \/>\n<meta property=\"og:description\" content=\"Un delicato elemento d\u00e9cor ispirato alla natura che unisce estetica e funzionalit\u00e0. La farfalla Abigaille \u00e8 realizzata in MDF da legno riciclato e\" \/>\n<meta property=\"og:url\" content=\"https:\/\/sartorialuminarie.it\/en\/prodotti\/decorazioni-da-parete\/animali-decorativi\/farfalla-small-con-specchio-abigaille\/\" \/>\n<meta property=\"og:site_name\" content=\"Sartoria Luminarie\" \/>\n<meta property=\"article:publisher\" content=\"https:\/\/www.facebook.com\/sartoriailfioreallocchiello\" \/>\n<meta property=\"article:modified_time\" content=\"2026-03-06T17:49:31+00:00\" \/>\n<meta property=\"og:image\" content=\"https:\/\/sartorialuminarie.it\/wp-content\/uploads\/2026\/03\/GMGHMG.png\" \/>\n\t<meta property=\"og:image:width\" content=\"1400\" \/>\n\t<meta property=\"og:image:height\" content=\"1400\" \/>\n\t<meta property=\"og:image:type\" content=\"image\/png\" \/>\n<meta name=\"twitter:card\" content=\"summary_large_image\" \/>\n<meta name=\"twitter:label1\" content=\"Est. reading time\" \/>\n\t<meta name=\"twitter:data1\" content=\"1 minute\" \/>\n<script type=\"application\/ld+json\" class=\"yoast-schema-graph\">{\"@context\":\"https:\/\/schema.org\",\"@graph\":[{\"@type\":\"WebPage\",\"@id\":\"https:\/\/sartorialuminarie.it\/en\/prodotti\/decorazioni-da-parete\/animali-decorativi\/farfalla-small-con-specchio-abigaille\/\",\"url\":\"https:\/\/sartorialuminarie.it\/en\/prodotti\/decorazioni-da-parete\/animali-decorativi\/farfalla-small-con-specchio-abigaille\/\",\"name\":\"FARFALLA SMALL CON SPECCHIO - ABIGAILLE - Animali decorativi, Decorazioni da parete | Sartoria Luminarie\",\"isPartOf\":{\"@id\":\"https:\/\/sartorialuminarie.it\/en\/#website\"},\"primaryImageOfPage\":{\"@id\":\"https:\/\/sartorialuminarie.it\/en\/prodotti\/decorazioni-da-parete\/animali-decorativi\/farfalla-small-con-specchio-abigaille\/#primaryimage\"},\"image\":{\"@id\":\"https:\/\/sartorialuminarie.it\/en\/prodotti\/decorazioni-da-parete\/animali-decorativi\/farfalla-small-con-specchio-abigaille\/#primaryimage\"},\"thumbnailUrl\":\"https:\/\/sartorialuminarie.it\/wp-content\/uploads\/2026\/03\/GMGHMG.png\",\"datePublished\":\"2026-03-06T17:47:32+00:00\",\"dateModified\":\"2026-03-06T17:49:31+00:00\",\"description\":\"Un delicato elemento d\u00e9cor ispirato alla natura che unisce estetica e funzionalit\u00e0. La farfalla Abigaille \u00e8 realizzata in MDF da legno riciclato e\",\"breadcrumb\":{\"@id\":\"https:\/\/sartorialuminarie.it\/en\/prodotti\/decorazioni-da-parete\/animali-decorativi\/farfalla-small-con-specchio-abigaille\/#breadcrumb\"},\"inLanguage\":\"en-US\",\"potentialAction\":[{\"@type\":\"ReadAction\",\"target\":[\"https:\/\/sartorialuminarie.it\/en\/prodotti\/decorazioni-da-parete\/animali-decorativi\/farfalla-small-con-specchio-abigaille\/\"]}]},{\"@type\":\"ImageObject\",\"inLanguage\":\"en-US\",\"@id\":\"https:\/\/sartorialuminarie.it\/en\/prodotti\/decorazioni-da-parete\/animali-decorativi\/farfalla-small-con-specchio-abigaille\/#primaryimage\",\"url\":\"https:\/\/sartorialuminarie.it\/wp-content\/uploads\/2026\/03\/GMGHMG.png\",\"contentUrl\":\"https:\/\/sartorialuminarie.it\/wp-content\/uploads\/2026\/03\/GMGHMG.png\",\"width\":1400,\"height\":1400},{\"@type\":\"BreadcrumbList\",\"@id\":\"https:\/\/sartorialuminarie.it\/en\/prodotti\/decorazioni-da-parete\/animali-decorativi\/farfalla-small-con-specchio-abigaille\/#breadcrumb\",\"itemListElement\":[{\"@type\":\"ListItem\",\"position\":1,\"name\":\"Home\",\"item\":\"https:\/\/sartorialuminarie.it\/en\/\"},{\"@type\":\"ListItem\",\"position\":2,\"name\":\"Shop\",\"item\":\"https:\/\/sartorialuminarie.it\/catalogo\/\"},{\"@type\":\"ListItem\",\"position\":3,\"name\":\"FARFALLA SMALL CON SPECCHIO &#8211; ABIGAILLE\"}]},{\"@type\":\"WebSite\",\"@id\":\"https:\/\/sartorialuminarie.it\/en\/#website\",\"url\":\"https:\/\/sartorialuminarie.it\/en\/\",\"name\":\"Sartoria Luminarie\",\"description\":\"\",\"publisher\":{\"@id\":\"https:\/\/sartorialuminarie.it\/en\/#organization\"},\"potentialAction\":[{\"@type\":\"SearchAction\",\"target\":{\"@type\":\"EntryPoint\",\"urlTemplate\":\"https:\/\/sartorialuminarie.it\/en\/?s={search_term_string}\"},\"query-input\":{\"@type\":\"PropertyValueSpecification\",\"valueRequired\":true,\"valueName\":\"search_term_string\"}}],\"inLanguage\":\"en-US\"},{\"@type\":\"Organization\",\"@id\":\"https:\/\/sartorialuminarie.it\/en\/#organization\",\"name\":\"Sartoria Luminarie\",\"url\":\"https:\/\/sartorialuminarie.it\/en\/\",\"logo\":{\"@type\":\"ImageObject\",\"inLanguage\":\"en-US\",\"@id\":\"https:\/\/sartorialuminarie.it\/en\/#\/schema\/logo\/image\/\",\"url\":\"https:\/\/sartorialuminarie.it\/wp-content\/uploads\/2025\/11\/cropped-favicon-logo-luminarie.jpg\",\"contentUrl\":\"https:\/\/sartorialuminarie.it\/wp-content\/uploads\/2025\/11\/cropped-favicon-logo-luminarie.jpg\",\"width\":512,\"height\":512,\"caption\":\"Sartoria Luminarie\"},\"image\":{\"@id\":\"https:\/\/sartorialuminarie.it\/en\/#\/schema\/logo\/image\/\"},\"sameAs\":[\"https:\/\/www.facebook.com\/sartoriailfioreallocchiello\",\"https:\/\/www.instagram.com\/sartoria_luminarie_bologna\"]}]}<\/script>\n<!-- \/ Yoast SEO plugin. -->","yoast_head_json":{"title":"FARFALLA SMALL CON SPECCHIO - ABIGAILLE - Animali decorativi, Decorazioni da parete | Sartoria Luminarie","description":"Un delicato elemento d\u00e9cor ispirato alla natura che unisce estetica e funzionalit\u00e0. La farfalla Abigaille \u00e8 realizzata in MDF da legno riciclato e","robots":{"index":"index","follow":"follow","max-snippet":"max-snippet:-1","max-image-preview":"max-image-preview:large","max-video-preview":"max-video-preview:-1"},"canonical":"https:\/\/sartorialuminarie.it\/en\/prodotti\/decorazioni-da-parete\/animali-decorativi\/farfalla-small-con-specchio-abigaille\/","og_locale":"en_US","og_type":"article","og_title":"FARFALLA SMALL CON SPECCHIO - ABIGAILLE - Animali decorativi, Decorazioni da parete | Sartoria Luminarie","og_description":"Un delicato elemento d\u00e9cor ispirato alla natura che unisce estetica e funzionalit\u00e0. La farfalla Abigaille \u00e8 realizzata in MDF da legno riciclato e","og_url":"https:\/\/sartorialuminarie.it\/en\/prodotti\/decorazioni-da-parete\/animali-decorativi\/farfalla-small-con-specchio-abigaille\/","og_site_name":"Sartoria Luminarie","article_publisher":"https:\/\/www.facebook.com\/sartoriailfioreallocchiello","article_modified_time":"2026-03-06T17:49:31+00:00","og_image":[{"width":1400,"height":1400,"url":"https:\/\/sartorialuminarie.it\/wp-content\/uploads\/2026\/03\/GMGHMG.png","type":"image\/png"}],"twitter_card":"summary_large_image","twitter_misc":{"Est. reading time":"1 minute"},"schema":{"@context":"https:\/\/schema.org","@graph":[{"@type":"WebPage","@id":"https:\/\/sartorialuminarie.it\/en\/prodotti\/decorazioni-da-parete\/animali-decorativi\/farfalla-small-con-specchio-abigaille\/","url":"https:\/\/sartorialuminarie.it\/en\/prodotti\/decorazioni-da-parete\/animali-decorativi\/farfalla-small-con-specchio-abigaille\/","name":"FARFALLA SMALL CON SPECCHIO - ABIGAILLE - Animali decorativi, Decorazioni da parete | Sartoria Luminarie","isPartOf":{"@id":"https:\/\/sartorialuminarie.it\/en\/#website"},"primaryImageOfPage":{"@id":"https:\/\/sartorialuminarie.it\/en\/prodotti\/decorazioni-da-parete\/animali-decorativi\/farfalla-small-con-specchio-abigaille\/#primaryimage"},"image":{"@id":"https:\/\/sartorialuminarie.it\/en\/prodotti\/decorazioni-da-parete\/animali-decorativi\/farfalla-small-con-specchio-abigaille\/#primaryimage"},"thumbnailUrl":"https:\/\/sartorialuminarie.it\/wp-content\/uploads\/2026\/03\/GMGHMG.png","datePublished":"2026-03-06T17:47:32+00:00","dateModified":"2026-03-06T17:49:31+00:00","description":"Un delicato elemento d\u00e9cor ispirato alla natura che unisce estetica e funzionalit\u00e0. La farfalla Abigaille \u00e8 realizzata in MDF da legno riciclato e","breadcrumb":{"@id":"https:\/\/sartorialuminarie.it\/en\/prodotti\/decorazioni-da-parete\/animali-decorativi\/farfalla-small-con-specchio-abigaille\/#breadcrumb"},"inLanguage":"en-US","potentialAction":[{"@type":"ReadAction","target":["https:\/\/sartorialuminarie.it\/en\/prodotti\/decorazioni-da-parete\/animali-decorativi\/farfalla-small-con-specchio-abigaille\/"]}]},{"@type":"ImageObject","inLanguage":"en-US","@id":"https:\/\/sartorialuminarie.it\/en\/prodotti\/decorazioni-da-parete\/animali-decorativi\/farfalla-small-con-specchio-abigaille\/#primaryimage","url":"https:\/\/sartorialuminarie.it\/wp-content\/uploads\/2026\/03\/GMGHMG.png","contentUrl":"https:\/\/sartorialuminarie.it\/wp-content\/uploads\/2026\/03\/GMGHMG.png","width":1400,"height":1400},{"@type":"BreadcrumbList","@id":"https:\/\/sartorialuminarie.it\/en\/prodotti\/decorazioni-da-parete\/animali-decorativi\/farfalla-small-con-specchio-abigaille\/#breadcrumb","itemListElement":[{"@type":"ListItem","position":1,"name":"Home","item":"https:\/\/sartorialuminarie.it\/en\/"},{"@type":"ListItem","position":2,"name":"Shop","item":"https:\/\/sartorialuminarie.it\/catalogo\/"},{"@type":"ListItem","position":3,"name":"FARFALLA SMALL CON SPECCHIO &#8211; ABIGAILLE"}]},{"@type":"WebSite","@id":"https:\/\/sartorialuminarie.it\/en\/#website","url":"https:\/\/sartorialuminarie.it\/en\/","name":"Sartoria Luminarie","description":"","publisher":{"@id":"https:\/\/sartorialuminarie.it\/en\/#organization"},"potentialAction":[{"@type":"SearchAction","target":{"@type":"EntryPoint","urlTemplate":"https:\/\/sartorialuminarie.it\/en\/?s={search_term_string}"},"query-input":{"@type":"PropertyValueSpecification","valueRequired":true,"valueName":"search_term_string"}}],"inLanguage":"en-US"},{"@type":"Organization","@id":"https:\/\/sartorialuminarie.it\/en\/#organization","name":"Sartoria Luminarie","url":"https:\/\/sartorialuminarie.it\/en\/","logo":{"@type":"ImageObject","inLanguage":"en-US","@id":"https:\/\/sartorialuminarie.it\/en\/#\/schema\/logo\/image\/","url":"https:\/\/sartorialuminarie.it\/wp-content\/uploads\/2025\/11\/cropped-favicon-logo-luminarie.jpg","contentUrl":"https:\/\/sartorialuminarie.it\/wp-content\/uploads\/2025\/11\/cropped-favicon-logo-luminarie.jpg","width":512,"height":512,"caption":"Sartoria Luminarie"},"image":{"@id":"https:\/\/sartorialuminarie.it\/en\/#\/schema\/logo\/image\/"},"sameAs":["https:\/\/www.facebook.com\/sartoriailfioreallocchiello","https:\/\/www.instagram.com\/sartoria_luminarie_bologna"]}]}},"_links":{"self":[{"href":"https:\/\/sartorialuminarie.it\/en\/wp-json\/wp\/v2\/product\/6850","targetHints":{"allow":["GET"]}}],"collection":[{"href":"https:\/\/sartorialuminarie.it\/en\/wp-json\/wp\/v2\/product"}],"about":[{"href":"https:\/\/sartorialuminarie.it\/en\/wp-json\/wp\/v2\/types\/product"}],"wp:featuredmedia":[{"embeddable":true,"href":"https:\/\/sartorialuminarie.it\/en\/wp-json\/wp\/v2\/media\/6844"}],"wp:attachment":[{"href":"https:\/\/sartorialuminarie.it\/en\/wp-json\/wp\/v2\/media?parent=6850"}],"wp:term":[{"taxonomy":"product_cat","embeddable":true,"href":"https:\/\/sartorialuminarie.it\/en\/wp-json\/wp\/v2\/product_cat?post=6850"},{"taxonomy":"product_tag","embeddable":true,"href":"https:\/\/sartorialuminarie.it\/en\/wp-json\/wp\/v2\/product_tag?post=6850"}],"curies":[{"name":"wp","href":"https:\/\/api.w.org\/{rel}","templated":true}]}}