{"id":6256,"date":"2026-02-20T11:18:09","date_gmt":"2026-02-20T10:18:09","guid":{"rendered":"https:\/\/sartorialuminarie.it\/?post_type=product&#038;p=6256"},"modified":"2026-02-24T10:14:32","modified_gmt":"2026-02-24T09:14:32","slug":"cane-busto-led-h-41","status":"publish","type":"product","link":"https:\/\/sartorialuminarie.it\/en\/prodotti\/decorazioni-da-parete\/animali-decorativi\/cane-busto-led-h-41\/","title":{"rendered":"CANE BUSTO LED H 41"},"content":{"rendered":"<p>Un complemento d\u2019arredo moderno e di grande impatto, perfetto per chi ama unire design e originalit\u00e0. Il Busto Cane Ettore con occhiali LED, alto 41 cm, \u00e8 realizzato in resina di alta qualit\u00e0, materiale resistente che consente una definizione precisa dei dettagli e delle linee.<br \/>\nLe forme armoniose e ben proporzionate valorizzano l\u2019espressione del soggetto, mentre la finitura curata dona eleganza e carattere all\u2019insieme, rendendolo adatto sia ad ambienti contemporanei che pi\u00f9 eclettici.<br \/>\nElemento distintivo \u00e8 l\u2019illuminazione LED integrata, che crea un suggestivo effetto luminoso e trasforma il busto in un vero punto focale. La luce, equilibrata e scenografica, esalta i volumi e aggiunge un tocco moderno all\u2019ambiente.<\/p>\n","protected":false},"excerpt":{"rendered":"<p>Un complemento d\u2019arredo moderno e di grande impatto, perfetto per chi ama unire design e originalit\u00e0. Il Busto Cane Ettore&#8230;<\/p>\n","protected":false},"featured_media":6257,"template":"","meta":{"_acf_changed":false},"product_cat":[47,30,31],"product_tag":[],"class_list":{"0":"post-6256","1":"product","2":"type-product","3":"status-publish","4":"has-post-thumbnail","6":"product_cat-animali-decorativi","7":"product_cat-home-decor","8":"product_cat-oggetti-decorativi","10":"first","11":"outofstock","12":"shipping-taxable","13":"purchasable","14":"product-type-simple"},"acf":[],"yoast_head":"<!-- This site is optimized with the Yoast SEO plugin v26.9 - https:\/\/yoast.com\/product\/yoast-seo-wordpress\/ -->\n<title>CANE BUSTO LED H 41 - Animali decorativi, Home decor, Oggetti decorativi | Sartoria Luminarie<\/title>\n<meta name=\"description\" content=\"Un complemento d\u2019arredo moderno e di grande impatto, perfetto per chi ama unire design e originalit\u00e0. Il Busto Cane Ettore con occhiali LED, alto 41 cm, \u00e8\" \/>\n<meta name=\"robots\" content=\"index, follow, max-snippet:-1, max-image-preview:large, max-video-preview:-1\" \/>\n<link rel=\"canonical\" href=\"https:\/\/sartorialuminarie.it\/en\/prodotti\/decorazioni-da-parete\/animali-decorativi\/cane-busto-led-h-41\/\" \/>\n<meta property=\"og:locale\" content=\"en_US\" \/>\n<meta property=\"og:type\" content=\"article\" \/>\n<meta property=\"og:title\" content=\"CANE BUSTO LED H 41 - Animali decorativi, Home decor, Oggetti decorativi | Sartoria Luminarie\" \/>\n<meta property=\"og:description\" content=\"Un complemento d\u2019arredo moderno e di grande impatto, perfetto per chi ama unire design e originalit\u00e0. Il Busto Cane Ettore con occhiali LED, alto 41 cm, \u00e8\" \/>\n<meta property=\"og:url\" content=\"https:\/\/sartorialuminarie.it\/en\/prodotti\/decorazioni-da-parete\/animali-decorativi\/cane-busto-led-h-41\/\" \/>\n<meta property=\"og:site_name\" content=\"Sartoria Luminarie\" \/>\n<meta property=\"article:publisher\" content=\"https:\/\/www.facebook.com\/sartoriailfioreallocchiello\" \/>\n<meta property=\"article:modified_time\" content=\"2026-02-24T09:14:32+00:00\" \/>\n<meta property=\"og:image\" content=\"https:\/\/sartorialuminarie.it\/wp-content\/uploads\/2026\/02\/il7ulk87.png\" \/>\n\t<meta property=\"og:image:width\" content=\"1400\" \/>\n\t<meta property=\"og:image:height\" content=\"1400\" \/>\n\t<meta property=\"og:image:type\" content=\"image\/png\" \/>\n<meta name=\"twitter:card\" content=\"summary_large_image\" \/>\n<meta name=\"twitter:label1\" content=\"Est. reading time\" \/>\n\t<meta name=\"twitter:data1\" content=\"1 minute\" \/>\n<script type=\"application\/ld+json\" class=\"yoast-schema-graph\">{\"@context\":\"https:\/\/schema.org\",\"@graph\":[{\"@type\":\"WebPage\",\"@id\":\"https:\/\/sartorialuminarie.it\/en\/prodotti\/decorazioni-da-parete\/animali-decorativi\/cane-busto-led-h-41\/\",\"url\":\"https:\/\/sartorialuminarie.it\/en\/prodotti\/decorazioni-da-parete\/animali-decorativi\/cane-busto-led-h-41\/\",\"name\":\"CANE BUSTO LED H 41 - Animali decorativi, Home decor, Oggetti decorativi | Sartoria Luminarie\",\"isPartOf\":{\"@id\":\"https:\/\/sartorialuminarie.it\/en\/#website\"},\"primaryImageOfPage\":{\"@id\":\"https:\/\/sartorialuminarie.it\/en\/prodotti\/decorazioni-da-parete\/animali-decorativi\/cane-busto-led-h-41\/#primaryimage\"},\"image\":{\"@id\":\"https:\/\/sartorialuminarie.it\/en\/prodotti\/decorazioni-da-parete\/animali-decorativi\/cane-busto-led-h-41\/#primaryimage\"},\"thumbnailUrl\":\"https:\/\/sartorialuminarie.it\/wp-content\/uploads\/2026\/02\/il7ulk87.png\",\"datePublished\":\"2026-02-20T10:18:09+00:00\",\"dateModified\":\"2026-02-24T09:14:32+00:00\",\"description\":\"Un complemento d\u2019arredo moderno e di grande impatto, perfetto per chi ama unire design e originalit\u00e0. Il Busto Cane Ettore con occhiali LED, alto 41 cm, \u00e8\",\"breadcrumb\":{\"@id\":\"https:\/\/sartorialuminarie.it\/en\/prodotti\/decorazioni-da-parete\/animali-decorativi\/cane-busto-led-h-41\/#breadcrumb\"},\"inLanguage\":\"en-US\",\"potentialAction\":[{\"@type\":\"ReadAction\",\"target\":[\"https:\/\/sartorialuminarie.it\/en\/prodotti\/decorazioni-da-parete\/animali-decorativi\/cane-busto-led-h-41\/\"]}]},{\"@type\":\"ImageObject\",\"inLanguage\":\"en-US\",\"@id\":\"https:\/\/sartorialuminarie.it\/en\/prodotti\/decorazioni-da-parete\/animali-decorativi\/cane-busto-led-h-41\/#primaryimage\",\"url\":\"https:\/\/sartorialuminarie.it\/wp-content\/uploads\/2026\/02\/il7ulk87.png\",\"contentUrl\":\"https:\/\/sartorialuminarie.it\/wp-content\/uploads\/2026\/02\/il7ulk87.png\",\"width\":1400,\"height\":1400},{\"@type\":\"BreadcrumbList\",\"@id\":\"https:\/\/sartorialuminarie.it\/en\/prodotti\/decorazioni-da-parete\/animali-decorativi\/cane-busto-led-h-41\/#breadcrumb\",\"itemListElement\":[{\"@type\":\"ListItem\",\"position\":1,\"name\":\"Home\",\"item\":\"https:\/\/sartorialuminarie.it\/en\/\"},{\"@type\":\"ListItem\",\"position\":2,\"name\":\"Shop\",\"item\":\"https:\/\/sartorialuminarie.it\/catalogo\/\"},{\"@type\":\"ListItem\",\"position\":3,\"name\":\"CANE BUSTO LED H 41\"}]},{\"@type\":\"WebSite\",\"@id\":\"https:\/\/sartorialuminarie.it\/en\/#website\",\"url\":\"https:\/\/sartorialuminarie.it\/en\/\",\"name\":\"Sartoria Luminarie\",\"description\":\"\",\"publisher\":{\"@id\":\"https:\/\/sartorialuminarie.it\/en\/#organization\"},\"potentialAction\":[{\"@type\":\"SearchAction\",\"target\":{\"@type\":\"EntryPoint\",\"urlTemplate\":\"https:\/\/sartorialuminarie.it\/en\/?s={search_term_string}\"},\"query-input\":{\"@type\":\"PropertyValueSpecification\",\"valueRequired\":true,\"valueName\":\"search_term_string\"}}],\"inLanguage\":\"en-US\"},{\"@type\":\"Organization\",\"@id\":\"https:\/\/sartorialuminarie.it\/en\/#organization\",\"name\":\"Sartoria Luminarie\",\"url\":\"https:\/\/sartorialuminarie.it\/en\/\",\"logo\":{\"@type\":\"ImageObject\",\"inLanguage\":\"en-US\",\"@id\":\"https:\/\/sartorialuminarie.it\/en\/#\/schema\/logo\/image\/\",\"url\":\"https:\/\/sartorialuminarie.it\/wp-content\/uploads\/2025\/11\/cropped-favicon-logo-luminarie.jpg\",\"contentUrl\":\"https:\/\/sartorialuminarie.it\/wp-content\/uploads\/2025\/11\/cropped-favicon-logo-luminarie.jpg\",\"width\":512,\"height\":512,\"caption\":\"Sartoria Luminarie\"},\"image\":{\"@id\":\"https:\/\/sartorialuminarie.it\/en\/#\/schema\/logo\/image\/\"},\"sameAs\":[\"https:\/\/www.facebook.com\/sartoriailfioreallocchiello\",\"https:\/\/www.instagram.com\/sartoria_luminarie_bologna\"]}]}<\/script>\n<!-- \/ Yoast SEO plugin. -->","yoast_head_json":{"title":"CANE BUSTO LED H 41 - Animali decorativi, Home decor, Oggetti decorativi | Sartoria Luminarie","description":"Un complemento d\u2019arredo moderno e di grande impatto, perfetto per chi ama unire design e originalit\u00e0. Il Busto Cane Ettore con occhiali LED, alto 41 cm, \u00e8","robots":{"index":"index","follow":"follow","max-snippet":"max-snippet:-1","max-image-preview":"max-image-preview:large","max-video-preview":"max-video-preview:-1"},"canonical":"https:\/\/sartorialuminarie.it\/en\/prodotti\/decorazioni-da-parete\/animali-decorativi\/cane-busto-led-h-41\/","og_locale":"en_US","og_type":"article","og_title":"CANE BUSTO LED H 41 - Animali decorativi, Home decor, Oggetti decorativi | Sartoria Luminarie","og_description":"Un complemento d\u2019arredo moderno e di grande impatto, perfetto per chi ama unire design e originalit\u00e0. Il Busto Cane Ettore con occhiali LED, alto 41 cm, \u00e8","og_url":"https:\/\/sartorialuminarie.it\/en\/prodotti\/decorazioni-da-parete\/animali-decorativi\/cane-busto-led-h-41\/","og_site_name":"Sartoria Luminarie","article_publisher":"https:\/\/www.facebook.com\/sartoriailfioreallocchiello","article_modified_time":"2026-02-24T09:14:32+00:00","og_image":[{"width":1400,"height":1400,"url":"https:\/\/sartorialuminarie.it\/wp-content\/uploads\/2026\/02\/il7ulk87.png","type":"image\/png"}],"twitter_card":"summary_large_image","twitter_misc":{"Est. reading time":"1 minute"},"schema":{"@context":"https:\/\/schema.org","@graph":[{"@type":"WebPage","@id":"https:\/\/sartorialuminarie.it\/en\/prodotti\/decorazioni-da-parete\/animali-decorativi\/cane-busto-led-h-41\/","url":"https:\/\/sartorialuminarie.it\/en\/prodotti\/decorazioni-da-parete\/animali-decorativi\/cane-busto-led-h-41\/","name":"CANE BUSTO LED H 41 - Animali decorativi, Home decor, Oggetti decorativi | Sartoria Luminarie","isPartOf":{"@id":"https:\/\/sartorialuminarie.it\/en\/#website"},"primaryImageOfPage":{"@id":"https:\/\/sartorialuminarie.it\/en\/prodotti\/decorazioni-da-parete\/animali-decorativi\/cane-busto-led-h-41\/#primaryimage"},"image":{"@id":"https:\/\/sartorialuminarie.it\/en\/prodotti\/decorazioni-da-parete\/animali-decorativi\/cane-busto-led-h-41\/#primaryimage"},"thumbnailUrl":"https:\/\/sartorialuminarie.it\/wp-content\/uploads\/2026\/02\/il7ulk87.png","datePublished":"2026-02-20T10:18:09+00:00","dateModified":"2026-02-24T09:14:32+00:00","description":"Un complemento d\u2019arredo moderno e di grande impatto, perfetto per chi ama unire design e originalit\u00e0. Il Busto Cane Ettore con occhiali LED, alto 41 cm, \u00e8","breadcrumb":{"@id":"https:\/\/sartorialuminarie.it\/en\/prodotti\/decorazioni-da-parete\/animali-decorativi\/cane-busto-led-h-41\/#breadcrumb"},"inLanguage":"en-US","potentialAction":[{"@type":"ReadAction","target":["https:\/\/sartorialuminarie.it\/en\/prodotti\/decorazioni-da-parete\/animali-decorativi\/cane-busto-led-h-41\/"]}]},{"@type":"ImageObject","inLanguage":"en-US","@id":"https:\/\/sartorialuminarie.it\/en\/prodotti\/decorazioni-da-parete\/animali-decorativi\/cane-busto-led-h-41\/#primaryimage","url":"https:\/\/sartorialuminarie.it\/wp-content\/uploads\/2026\/02\/il7ulk87.png","contentUrl":"https:\/\/sartorialuminarie.it\/wp-content\/uploads\/2026\/02\/il7ulk87.png","width":1400,"height":1400},{"@type":"BreadcrumbList","@id":"https:\/\/sartorialuminarie.it\/en\/prodotti\/decorazioni-da-parete\/animali-decorativi\/cane-busto-led-h-41\/#breadcrumb","itemListElement":[{"@type":"ListItem","position":1,"name":"Home","item":"https:\/\/sartorialuminarie.it\/en\/"},{"@type":"ListItem","position":2,"name":"Shop","item":"https:\/\/sartorialuminarie.it\/catalogo\/"},{"@type":"ListItem","position":3,"name":"CANE BUSTO LED H 41"}]},{"@type":"WebSite","@id":"https:\/\/sartorialuminarie.it\/en\/#website","url":"https:\/\/sartorialuminarie.it\/en\/","name":"Sartoria Luminarie","description":"","publisher":{"@id":"https:\/\/sartorialuminarie.it\/en\/#organization"},"potentialAction":[{"@type":"SearchAction","target":{"@type":"EntryPoint","urlTemplate":"https:\/\/sartorialuminarie.it\/en\/?s={search_term_string}"},"query-input":{"@type":"PropertyValueSpecification","valueRequired":true,"valueName":"search_term_string"}}],"inLanguage":"en-US"},{"@type":"Organization","@id":"https:\/\/sartorialuminarie.it\/en\/#organization","name":"Sartoria Luminarie","url":"https:\/\/sartorialuminarie.it\/en\/","logo":{"@type":"ImageObject","inLanguage":"en-US","@id":"https:\/\/sartorialuminarie.it\/en\/#\/schema\/logo\/image\/","url":"https:\/\/sartorialuminarie.it\/wp-content\/uploads\/2025\/11\/cropped-favicon-logo-luminarie.jpg","contentUrl":"https:\/\/sartorialuminarie.it\/wp-content\/uploads\/2025\/11\/cropped-favicon-logo-luminarie.jpg","width":512,"height":512,"caption":"Sartoria Luminarie"},"image":{"@id":"https:\/\/sartorialuminarie.it\/en\/#\/schema\/logo\/image\/"},"sameAs":["https:\/\/www.facebook.com\/sartoriailfioreallocchiello","https:\/\/www.instagram.com\/sartoria_luminarie_bologna"]}]}},"_links":{"self":[{"href":"https:\/\/sartorialuminarie.it\/en\/wp-json\/wp\/v2\/product\/6256","targetHints":{"allow":["GET"]}}],"collection":[{"href":"https:\/\/sartorialuminarie.it\/en\/wp-json\/wp\/v2\/product"}],"about":[{"href":"https:\/\/sartorialuminarie.it\/en\/wp-json\/wp\/v2\/types\/product"}],"wp:featuredmedia":[{"embeddable":true,"href":"https:\/\/sartorialuminarie.it\/en\/wp-json\/wp\/v2\/media\/6257"}],"wp:attachment":[{"href":"https:\/\/sartorialuminarie.it\/en\/wp-json\/wp\/v2\/media?parent=6256"}],"wp:term":[{"taxonomy":"product_cat","embeddable":true,"href":"https:\/\/sartorialuminarie.it\/en\/wp-json\/wp\/v2\/product_cat?post=6256"},{"taxonomy":"product_tag","embeddable":true,"href":"https:\/\/sartorialuminarie.it\/en\/wp-json\/wp\/v2\/product_tag?post=6256"}],"curies":[{"name":"wp","href":"https:\/\/api.w.org\/{rel}","templated":true}]}}