{"id":5552,"date":"2025-12-06T12:46:23","date_gmt":"2025-12-06T11:46:23","guid":{"rendered":"https:\/\/sartorialuminarie.it\/?post_type=product&#038;p=5552"},"modified":"2025-12-06T12:57:07","modified_gmt":"2025-12-06T11:57:07","slug":"teiera-deco-in-porcellana","status":"publish","type":"product","link":"https:\/\/sartorialuminarie.it\/en\/prodotti\/tavola-e-stoviglie\/stoviglie-accessori\/teiera-deco-in-porcellana\/","title":{"rendered":"TEIERA  DEC\u00f2 in porcellana"},"content":{"rendered":"<p>Teiera in porcellana dal raffinato stile Dec\u00f2, caratterizzata da uno sfondo bianco e rosso arricchito da eleganti fiori bianchi. La decorazione, delicata e armoniosa, dona un tocco classico e decorativo alla tavola. Ideale per servire t\u00e8 e infusi con stile, combina estetica, qualit\u00e0 e praticit\u00e0, rendendo ogni momento di degustazione ancora pi\u00f9 piacevole.<\/p>\n","protected":false},"excerpt":{"rendered":"<p>Teiera in porcellana dal raffinato stile Dec\u00f2, caratterizzata da uno sfondo bianco e rosso arricchito da eleganti fiori bianchi. La&#8230;<\/p>\n","protected":false},"featured_media":5555,"template":"","meta":{"_acf_changed":false},"product_cat":[62,61],"product_tag":[],"class_list":{"0":"post-5552","1":"product","2":"type-product","3":"status-publish","4":"has-post-thumbnail","6":"product_cat-stoviglie-accessori","7":"product_cat-tavola-e-stoviglie","9":"first","10":"instock","11":"shipping-taxable","12":"purchasable","13":"product-type-simple"},"acf":[],"yoast_head":"<!-- This site is optimized with the Yoast SEO plugin v26.9 - https:\/\/yoast.com\/product\/yoast-seo-wordpress\/ -->\n<title>TEIERA DEC\u00f2 in porcellana - Stoviglie ed Accessori, Tavola e Stoviglie | Sartoria Luminarie<\/title>\n<meta name=\"description\" content=\"Teiera in porcellana dal raffinato stile Dec\u00f2, caratterizzata da uno sfondo bianco e rosso arricchito da eleganti fiori bianchi. La decorazione, delicata\" \/>\n<meta name=\"robots\" content=\"index, follow, max-snippet:-1, max-image-preview:large, max-video-preview:-1\" \/>\n<link rel=\"canonical\" href=\"https:\/\/sartorialuminarie.it\/en\/prodotti\/tavola-e-stoviglie\/stoviglie-accessori\/teiera-deco-in-porcellana\/\" \/>\n<meta property=\"og:locale\" content=\"en_US\" \/>\n<meta property=\"og:type\" content=\"article\" \/>\n<meta property=\"og:title\" content=\"TEIERA DEC\u00f2 in porcellana - Stoviglie ed Accessori, Tavola e Stoviglie | Sartoria Luminarie\" \/>\n<meta property=\"og:description\" content=\"Teiera in porcellana dal raffinato stile Dec\u00f2, caratterizzata da uno sfondo bianco e rosso arricchito da eleganti fiori bianchi. La decorazione, delicata\" \/>\n<meta property=\"og:url\" content=\"https:\/\/sartorialuminarie.it\/en\/prodotti\/tavola-e-stoviglie\/stoviglie-accessori\/teiera-deco-in-porcellana\/\" \/>\n<meta property=\"og:site_name\" content=\"Sartoria Luminarie\" \/>\n<meta property=\"article:publisher\" content=\"https:\/\/www.facebook.com\/sartoriailfioreallocchiello\" \/>\n<meta property=\"article:modified_time\" content=\"2025-12-06T11:57:07+00:00\" \/>\n<meta property=\"og:image\" content=\"https:\/\/sartorialuminarie.it\/wp-content\/uploads\/2025\/12\/ujytmruy.png\" \/>\n\t<meta property=\"og:image:width\" content=\"1400\" \/>\n\t<meta property=\"og:image:height\" content=\"1400\" \/>\n\t<meta property=\"og:image:type\" content=\"image\/png\" \/>\n<meta name=\"twitter:card\" content=\"summary_large_image\" \/>\n<meta name=\"twitter:label1\" content=\"Est. reading time\" \/>\n\t<meta name=\"twitter:data1\" content=\"1 minute\" \/>\n<script type=\"application\/ld+json\" class=\"yoast-schema-graph\">{\"@context\":\"https:\/\/schema.org\",\"@graph\":[{\"@type\":\"WebPage\",\"@id\":\"https:\/\/sartorialuminarie.it\/en\/prodotti\/tavola-e-stoviglie\/stoviglie-accessori\/teiera-deco-in-porcellana\/\",\"url\":\"https:\/\/sartorialuminarie.it\/en\/prodotti\/tavola-e-stoviglie\/stoviglie-accessori\/teiera-deco-in-porcellana\/\",\"name\":\"TEIERA DEC\u00f2 in porcellana - Stoviglie ed Accessori, Tavola e Stoviglie | Sartoria Luminarie\",\"isPartOf\":{\"@id\":\"https:\/\/sartorialuminarie.it\/en\/#website\"},\"primaryImageOfPage\":{\"@id\":\"https:\/\/sartorialuminarie.it\/en\/prodotti\/tavola-e-stoviglie\/stoviglie-accessori\/teiera-deco-in-porcellana\/#primaryimage\"},\"image\":{\"@id\":\"https:\/\/sartorialuminarie.it\/en\/prodotti\/tavola-e-stoviglie\/stoviglie-accessori\/teiera-deco-in-porcellana\/#primaryimage\"},\"thumbnailUrl\":\"https:\/\/sartorialuminarie.it\/wp-content\/uploads\/2025\/12\/ujytmruy.png\",\"datePublished\":\"2025-12-06T11:46:23+00:00\",\"dateModified\":\"2025-12-06T11:57:07+00:00\",\"description\":\"Teiera in porcellana dal raffinato stile Dec\u00f2, caratterizzata da uno sfondo bianco e rosso arricchito da eleganti fiori bianchi. La decorazione, delicata\",\"breadcrumb\":{\"@id\":\"https:\/\/sartorialuminarie.it\/en\/prodotti\/tavola-e-stoviglie\/stoviglie-accessori\/teiera-deco-in-porcellana\/#breadcrumb\"},\"inLanguage\":\"en-US\",\"potentialAction\":[{\"@type\":\"ReadAction\",\"target\":[\"https:\/\/sartorialuminarie.it\/en\/prodotti\/tavola-e-stoviglie\/stoviglie-accessori\/teiera-deco-in-porcellana\/\"]}]},{\"@type\":\"ImageObject\",\"inLanguage\":\"en-US\",\"@id\":\"https:\/\/sartorialuminarie.it\/en\/prodotti\/tavola-e-stoviglie\/stoviglie-accessori\/teiera-deco-in-porcellana\/#primaryimage\",\"url\":\"https:\/\/sartorialuminarie.it\/wp-content\/uploads\/2025\/12\/ujytmruy.png\",\"contentUrl\":\"https:\/\/sartorialuminarie.it\/wp-content\/uploads\/2025\/12\/ujytmruy.png\",\"width\":1400,\"height\":1400},{\"@type\":\"BreadcrumbList\",\"@id\":\"https:\/\/sartorialuminarie.it\/en\/prodotti\/tavola-e-stoviglie\/stoviglie-accessori\/teiera-deco-in-porcellana\/#breadcrumb\",\"itemListElement\":[{\"@type\":\"ListItem\",\"position\":1,\"name\":\"Home\",\"item\":\"https:\/\/sartorialuminarie.it\/en\/\"},{\"@type\":\"ListItem\",\"position\":2,\"name\":\"Shop\",\"item\":\"https:\/\/sartorialuminarie.it\/catalogo\/\"},{\"@type\":\"ListItem\",\"position\":3,\"name\":\"TEIERA DEC\u00f2 in porcellana\"}]},{\"@type\":\"WebSite\",\"@id\":\"https:\/\/sartorialuminarie.it\/en\/#website\",\"url\":\"https:\/\/sartorialuminarie.it\/en\/\",\"name\":\"Sartoria Luminarie\",\"description\":\"\",\"publisher\":{\"@id\":\"https:\/\/sartorialuminarie.it\/en\/#organization\"},\"potentialAction\":[{\"@type\":\"SearchAction\",\"target\":{\"@type\":\"EntryPoint\",\"urlTemplate\":\"https:\/\/sartorialuminarie.it\/en\/?s={search_term_string}\"},\"query-input\":{\"@type\":\"PropertyValueSpecification\",\"valueRequired\":true,\"valueName\":\"search_term_string\"}}],\"inLanguage\":\"en-US\"},{\"@type\":\"Organization\",\"@id\":\"https:\/\/sartorialuminarie.it\/en\/#organization\",\"name\":\"Sartoria Luminarie\",\"url\":\"https:\/\/sartorialuminarie.it\/en\/\",\"logo\":{\"@type\":\"ImageObject\",\"inLanguage\":\"en-US\",\"@id\":\"https:\/\/sartorialuminarie.it\/en\/#\/schema\/logo\/image\/\",\"url\":\"https:\/\/sartorialuminarie.it\/wp-content\/uploads\/2025\/11\/cropped-favicon-logo-luminarie.jpg\",\"contentUrl\":\"https:\/\/sartorialuminarie.it\/wp-content\/uploads\/2025\/11\/cropped-favicon-logo-luminarie.jpg\",\"width\":512,\"height\":512,\"caption\":\"Sartoria Luminarie\"},\"image\":{\"@id\":\"https:\/\/sartorialuminarie.it\/en\/#\/schema\/logo\/image\/\"},\"sameAs\":[\"https:\/\/www.facebook.com\/sartoriailfioreallocchiello\",\"https:\/\/www.instagram.com\/sartoria_luminarie_bologna\"]}]}<\/script>\n<!-- \/ Yoast SEO plugin. -->","yoast_head_json":{"title":"TEIERA DEC\u00f2 in porcellana - Stoviglie ed Accessori, Tavola e Stoviglie | Sartoria Luminarie","description":"Teiera in porcellana dal raffinato stile Dec\u00f2, caratterizzata da uno sfondo bianco e rosso arricchito da eleganti fiori bianchi. La decorazione, delicata","robots":{"index":"index","follow":"follow","max-snippet":"max-snippet:-1","max-image-preview":"max-image-preview:large","max-video-preview":"max-video-preview:-1"},"canonical":"https:\/\/sartorialuminarie.it\/en\/prodotti\/tavola-e-stoviglie\/stoviglie-accessori\/teiera-deco-in-porcellana\/","og_locale":"en_US","og_type":"article","og_title":"TEIERA DEC\u00f2 in porcellana - Stoviglie ed Accessori, Tavola e Stoviglie | Sartoria Luminarie","og_description":"Teiera in porcellana dal raffinato stile Dec\u00f2, caratterizzata da uno sfondo bianco e rosso arricchito da eleganti fiori bianchi. La decorazione, delicata","og_url":"https:\/\/sartorialuminarie.it\/en\/prodotti\/tavola-e-stoviglie\/stoviglie-accessori\/teiera-deco-in-porcellana\/","og_site_name":"Sartoria Luminarie","article_publisher":"https:\/\/www.facebook.com\/sartoriailfioreallocchiello","article_modified_time":"2025-12-06T11:57:07+00:00","og_image":[{"width":1400,"height":1400,"url":"https:\/\/sartorialuminarie.it\/wp-content\/uploads\/2025\/12\/ujytmruy.png","type":"image\/png"}],"twitter_card":"summary_large_image","twitter_misc":{"Est. reading time":"1 minute"},"schema":{"@context":"https:\/\/schema.org","@graph":[{"@type":"WebPage","@id":"https:\/\/sartorialuminarie.it\/en\/prodotti\/tavola-e-stoviglie\/stoviglie-accessori\/teiera-deco-in-porcellana\/","url":"https:\/\/sartorialuminarie.it\/en\/prodotti\/tavola-e-stoviglie\/stoviglie-accessori\/teiera-deco-in-porcellana\/","name":"TEIERA DEC\u00f2 in porcellana - Stoviglie ed Accessori, Tavola e Stoviglie | Sartoria Luminarie","isPartOf":{"@id":"https:\/\/sartorialuminarie.it\/en\/#website"},"primaryImageOfPage":{"@id":"https:\/\/sartorialuminarie.it\/en\/prodotti\/tavola-e-stoviglie\/stoviglie-accessori\/teiera-deco-in-porcellana\/#primaryimage"},"image":{"@id":"https:\/\/sartorialuminarie.it\/en\/prodotti\/tavola-e-stoviglie\/stoviglie-accessori\/teiera-deco-in-porcellana\/#primaryimage"},"thumbnailUrl":"https:\/\/sartorialuminarie.it\/wp-content\/uploads\/2025\/12\/ujytmruy.png","datePublished":"2025-12-06T11:46:23+00:00","dateModified":"2025-12-06T11:57:07+00:00","description":"Teiera in porcellana dal raffinato stile Dec\u00f2, caratterizzata da uno sfondo bianco e rosso arricchito da eleganti fiori bianchi. La decorazione, delicata","breadcrumb":{"@id":"https:\/\/sartorialuminarie.it\/en\/prodotti\/tavola-e-stoviglie\/stoviglie-accessori\/teiera-deco-in-porcellana\/#breadcrumb"},"inLanguage":"en-US","potentialAction":[{"@type":"ReadAction","target":["https:\/\/sartorialuminarie.it\/en\/prodotti\/tavola-e-stoviglie\/stoviglie-accessori\/teiera-deco-in-porcellana\/"]}]},{"@type":"ImageObject","inLanguage":"en-US","@id":"https:\/\/sartorialuminarie.it\/en\/prodotti\/tavola-e-stoviglie\/stoviglie-accessori\/teiera-deco-in-porcellana\/#primaryimage","url":"https:\/\/sartorialuminarie.it\/wp-content\/uploads\/2025\/12\/ujytmruy.png","contentUrl":"https:\/\/sartorialuminarie.it\/wp-content\/uploads\/2025\/12\/ujytmruy.png","width":1400,"height":1400},{"@type":"BreadcrumbList","@id":"https:\/\/sartorialuminarie.it\/en\/prodotti\/tavola-e-stoviglie\/stoviglie-accessori\/teiera-deco-in-porcellana\/#breadcrumb","itemListElement":[{"@type":"ListItem","position":1,"name":"Home","item":"https:\/\/sartorialuminarie.it\/en\/"},{"@type":"ListItem","position":2,"name":"Shop","item":"https:\/\/sartorialuminarie.it\/catalogo\/"},{"@type":"ListItem","position":3,"name":"TEIERA DEC\u00f2 in porcellana"}]},{"@type":"WebSite","@id":"https:\/\/sartorialuminarie.it\/en\/#website","url":"https:\/\/sartorialuminarie.it\/en\/","name":"Sartoria Luminarie","description":"","publisher":{"@id":"https:\/\/sartorialuminarie.it\/en\/#organization"},"potentialAction":[{"@type":"SearchAction","target":{"@type":"EntryPoint","urlTemplate":"https:\/\/sartorialuminarie.it\/en\/?s={search_term_string}"},"query-input":{"@type":"PropertyValueSpecification","valueRequired":true,"valueName":"search_term_string"}}],"inLanguage":"en-US"},{"@type":"Organization","@id":"https:\/\/sartorialuminarie.it\/en\/#organization","name":"Sartoria Luminarie","url":"https:\/\/sartorialuminarie.it\/en\/","logo":{"@type":"ImageObject","inLanguage":"en-US","@id":"https:\/\/sartorialuminarie.it\/en\/#\/schema\/logo\/image\/","url":"https:\/\/sartorialuminarie.it\/wp-content\/uploads\/2025\/11\/cropped-favicon-logo-luminarie.jpg","contentUrl":"https:\/\/sartorialuminarie.it\/wp-content\/uploads\/2025\/11\/cropped-favicon-logo-luminarie.jpg","width":512,"height":512,"caption":"Sartoria Luminarie"},"image":{"@id":"https:\/\/sartorialuminarie.it\/en\/#\/schema\/logo\/image\/"},"sameAs":["https:\/\/www.facebook.com\/sartoriailfioreallocchiello","https:\/\/www.instagram.com\/sartoria_luminarie_bologna"]}]}},"_links":{"self":[{"href":"https:\/\/sartorialuminarie.it\/en\/wp-json\/wp\/v2\/product\/5552","targetHints":{"allow":["GET"]}}],"collection":[{"href":"https:\/\/sartorialuminarie.it\/en\/wp-json\/wp\/v2\/product"}],"about":[{"href":"https:\/\/sartorialuminarie.it\/en\/wp-json\/wp\/v2\/types\/product"}],"wp:featuredmedia":[{"embeddable":true,"href":"https:\/\/sartorialuminarie.it\/en\/wp-json\/wp\/v2\/media\/5555"}],"wp:attachment":[{"href":"https:\/\/sartorialuminarie.it\/en\/wp-json\/wp\/v2\/media?parent=5552"}],"wp:term":[{"taxonomy":"product_cat","embeddable":true,"href":"https:\/\/sartorialuminarie.it\/en\/wp-json\/wp\/v2\/product_cat?post=5552"},{"taxonomy":"product_tag","embeddable":true,"href":"https:\/\/sartorialuminarie.it\/en\/wp-json\/wp\/v2\/product_tag?post=5552"}],"curies":[{"name":"wp","href":"https:\/\/api.w.org\/{rel}","templated":true}]}}