{"id":5397,"date":"2025-12-04T12:02:22","date_gmt":"2025-12-04T11:02:22","guid":{"rendered":"https:\/\/sartorialuminarie.it\/?post_type=product&#038;p=5397"},"modified":"2026-02-25T01:02:31","modified_gmt":"2026-02-25T00:02:31","slug":"diffusore-rettangolare-grande-tattoo-age-in-porcellana-disegno-tigre","status":"publish","type":"product","link":"https:\/\/sartorialuminarie.it\/en\/prodotti\/home-decor\/vasi\/diffusore-rettangolare-grande-tattoo-age-in-porcellana-disegno-tigre\/","title":{"rendered":"DIFFUSORE RETTANGOLARE GRANDE &#8216;Tattoo age&#8217; in porcellana disegno tigre"},"content":{"rendered":"<p>Realizzato in porcellana di alta qualit\u00e0, questo diffusore rettangolare di grandi dimensioni (19\u00d715\u00d79 cm) presenta un audace motivo \u201cTattoo Age\u201d con tigre, simbolo di forza ed energia. Il design, ispirato all\u2019arte del tatuaggio, combina linee decise e dettagli grafici per un effetto visivo moderno e d\u2019impatto.<br \/>\nLa superficie liscia e luminosa della porcellana esalta il contrasto del disegno, trasformando il contenitore in un elegante complemento d\u2019arredo. Perfetto per diffondere fragranze nell\u2019ambiente, questo diffusore aggiunge stile e personalit\u00e0 a salotti, studi, ingressi e spazi contemporanei.<\/p>\n","protected":false},"excerpt":{"rendered":"<p>Realizzato in porcellana di alta qualit\u00e0, questo diffusore rettangolare di grandi dimensioni (19\u00d715\u00d79 cm) presenta un audace motivo \u201cTattoo Age\u201d&#8230;<\/p>\n","protected":false},"featured_media":5402,"template":"","meta":{"_acf_changed":false},"product_cat":[30,54,32],"product_tag":[],"class_list":{"0":"post-5397","1":"product","2":"type-product","3":"status-publish","4":"has-post-thumbnail","6":"product_cat-home-decor","7":"product_cat-profumatori","8":"product_cat-vasi","10":"first","11":"instock","12":"shipping-taxable","13":"purchasable","14":"product-type-simple"},"acf":[],"yoast_head":"<!-- This site is optimized with the Yoast SEO plugin v26.9 - https:\/\/yoast.com\/product\/yoast-seo-wordpress\/ -->\n<title>DIFFUSORE RETTANGOLARE GRANDE &#039;Tattoo age&#039; in porcellana disegno tigre - Home decor, Profumatori, Vasi | Sartoria Luminarie<\/title>\n<meta name=\"description\" content=\"Realizzato in porcellana di alta qualit\u00e0, questo diffusore rettangolare di grandi dimensioni (19\u00d715\u00d79 cm) presenta un audace motivo \u201cTattoo Age\u201d con\" \/>\n<meta name=\"robots\" content=\"index, follow, max-snippet:-1, max-image-preview:large, max-video-preview:-1\" \/>\n<link rel=\"canonical\" href=\"https:\/\/sartorialuminarie.it\/en\/prodotti\/home-decor\/vasi\/diffusore-rettangolare-grande-tattoo-age-in-porcellana-disegno-tigre\/\" \/>\n<meta property=\"og:locale\" content=\"en_US\" \/>\n<meta property=\"og:type\" content=\"article\" \/>\n<meta property=\"og:title\" content=\"DIFFUSORE RETTANGOLARE GRANDE &#039;Tattoo age&#039; in porcellana disegno tigre - Home decor, Profumatori, Vasi | Sartoria Luminarie\" \/>\n<meta property=\"og:description\" content=\"Realizzato in porcellana di alta qualit\u00e0, questo diffusore rettangolare di grandi dimensioni (19\u00d715\u00d79 cm) presenta un audace motivo \u201cTattoo Age\u201d con\" \/>\n<meta property=\"og:url\" content=\"https:\/\/sartorialuminarie.it\/en\/prodotti\/home-decor\/vasi\/diffusore-rettangolare-grande-tattoo-age-in-porcellana-disegno-tigre\/\" \/>\n<meta property=\"og:site_name\" content=\"Sartoria Luminarie\" \/>\n<meta property=\"article:publisher\" content=\"https:\/\/www.facebook.com\/sartoriailfioreallocchiello\" \/>\n<meta property=\"article:modified_time\" content=\"2026-02-25T00:02:31+00:00\" \/>\n<meta property=\"og:image\" content=\"https:\/\/sartorialuminarie.it\/wp-content\/uploads\/2025\/12\/l8y9lyl9y.png\" \/>\n\t<meta property=\"og:image:width\" content=\"1400\" \/>\n\t<meta property=\"og:image:height\" content=\"1400\" \/>\n\t<meta property=\"og:image:type\" content=\"image\/png\" \/>\n<meta name=\"twitter:card\" content=\"summary_large_image\" \/>\n<meta name=\"twitter:label1\" content=\"Est. reading time\" \/>\n\t<meta name=\"twitter:data1\" content=\"1 minute\" \/>\n<script type=\"application\/ld+json\" class=\"yoast-schema-graph\">{\"@context\":\"https:\/\/schema.org\",\"@graph\":[{\"@type\":\"WebPage\",\"@id\":\"https:\/\/sartorialuminarie.it\/en\/prodotti\/home-decor\/vasi\/diffusore-rettangolare-grande-tattoo-age-in-porcellana-disegno-tigre\/\",\"url\":\"https:\/\/sartorialuminarie.it\/en\/prodotti\/home-decor\/vasi\/diffusore-rettangolare-grande-tattoo-age-in-porcellana-disegno-tigre\/\",\"name\":\"DIFFUSORE RETTANGOLARE GRANDE 'Tattoo age' in porcellana disegno tigre - Home decor, Profumatori, Vasi | Sartoria Luminarie\",\"isPartOf\":{\"@id\":\"https:\/\/sartorialuminarie.it\/en\/#website\"},\"primaryImageOfPage\":{\"@id\":\"https:\/\/sartorialuminarie.it\/en\/prodotti\/home-decor\/vasi\/diffusore-rettangolare-grande-tattoo-age-in-porcellana-disegno-tigre\/#primaryimage\"},\"image\":{\"@id\":\"https:\/\/sartorialuminarie.it\/en\/prodotti\/home-decor\/vasi\/diffusore-rettangolare-grande-tattoo-age-in-porcellana-disegno-tigre\/#primaryimage\"},\"thumbnailUrl\":\"https:\/\/sartorialuminarie.it\/wp-content\/uploads\/2025\/12\/l8y9lyl9y.png\",\"datePublished\":\"2025-12-04T11:02:22+00:00\",\"dateModified\":\"2026-02-25T00:02:31+00:00\",\"description\":\"Realizzato in porcellana di alta qualit\u00e0, questo diffusore rettangolare di grandi dimensioni (19\u00d715\u00d79 cm) presenta un audace motivo \u201cTattoo Age\u201d con\",\"breadcrumb\":{\"@id\":\"https:\/\/sartorialuminarie.it\/en\/prodotti\/home-decor\/vasi\/diffusore-rettangolare-grande-tattoo-age-in-porcellana-disegno-tigre\/#breadcrumb\"},\"inLanguage\":\"en-US\",\"potentialAction\":[{\"@type\":\"ReadAction\",\"target\":[\"https:\/\/sartorialuminarie.it\/en\/prodotti\/home-decor\/vasi\/diffusore-rettangolare-grande-tattoo-age-in-porcellana-disegno-tigre\/\"]}]},{\"@type\":\"ImageObject\",\"inLanguage\":\"en-US\",\"@id\":\"https:\/\/sartorialuminarie.it\/en\/prodotti\/home-decor\/vasi\/diffusore-rettangolare-grande-tattoo-age-in-porcellana-disegno-tigre\/#primaryimage\",\"url\":\"https:\/\/sartorialuminarie.it\/wp-content\/uploads\/2025\/12\/l8y9lyl9y.png\",\"contentUrl\":\"https:\/\/sartorialuminarie.it\/wp-content\/uploads\/2025\/12\/l8y9lyl9y.png\",\"width\":1400,\"height\":1400},{\"@type\":\"BreadcrumbList\",\"@id\":\"https:\/\/sartorialuminarie.it\/en\/prodotti\/home-decor\/vasi\/diffusore-rettangolare-grande-tattoo-age-in-porcellana-disegno-tigre\/#breadcrumb\",\"itemListElement\":[{\"@type\":\"ListItem\",\"position\":1,\"name\":\"Home\",\"item\":\"https:\/\/sartorialuminarie.it\/en\/\"},{\"@type\":\"ListItem\",\"position\":2,\"name\":\"Shop\",\"item\":\"https:\/\/sartorialuminarie.it\/catalogo\/\"},{\"@type\":\"ListItem\",\"position\":3,\"name\":\"DIFFUSORE RETTANGOLARE GRANDE &#8216;Tattoo age&#8217; in porcellana disegno tigre\"}]},{\"@type\":\"WebSite\",\"@id\":\"https:\/\/sartorialuminarie.it\/en\/#website\",\"url\":\"https:\/\/sartorialuminarie.it\/en\/\",\"name\":\"Sartoria Luminarie\",\"description\":\"\",\"publisher\":{\"@id\":\"https:\/\/sartorialuminarie.it\/en\/#organization\"},\"potentialAction\":[{\"@type\":\"SearchAction\",\"target\":{\"@type\":\"EntryPoint\",\"urlTemplate\":\"https:\/\/sartorialuminarie.it\/en\/?s={search_term_string}\"},\"query-input\":{\"@type\":\"PropertyValueSpecification\",\"valueRequired\":true,\"valueName\":\"search_term_string\"}}],\"inLanguage\":\"en-US\"},{\"@type\":\"Organization\",\"@id\":\"https:\/\/sartorialuminarie.it\/en\/#organization\",\"name\":\"Sartoria Luminarie\",\"url\":\"https:\/\/sartorialuminarie.it\/en\/\",\"logo\":{\"@type\":\"ImageObject\",\"inLanguage\":\"en-US\",\"@id\":\"https:\/\/sartorialuminarie.it\/en\/#\/schema\/logo\/image\/\",\"url\":\"https:\/\/sartorialuminarie.it\/wp-content\/uploads\/2025\/11\/cropped-favicon-logo-luminarie.jpg\",\"contentUrl\":\"https:\/\/sartorialuminarie.it\/wp-content\/uploads\/2025\/11\/cropped-favicon-logo-luminarie.jpg\",\"width\":512,\"height\":512,\"caption\":\"Sartoria Luminarie\"},\"image\":{\"@id\":\"https:\/\/sartorialuminarie.it\/en\/#\/schema\/logo\/image\/\"},\"sameAs\":[\"https:\/\/www.facebook.com\/sartoriailfioreallocchiello\",\"https:\/\/www.instagram.com\/sartoria_luminarie_bologna\"]}]}<\/script>\n<!-- \/ Yoast SEO plugin. -->","yoast_head_json":{"title":"DIFFUSORE RETTANGOLARE GRANDE 'Tattoo age' in porcellana disegno tigre - Home decor, Profumatori, Vasi | Sartoria Luminarie","description":"Realizzato in porcellana di alta qualit\u00e0, questo diffusore rettangolare di grandi dimensioni (19\u00d715\u00d79 cm) presenta un audace motivo \u201cTattoo Age\u201d con","robots":{"index":"index","follow":"follow","max-snippet":"max-snippet:-1","max-image-preview":"max-image-preview:large","max-video-preview":"max-video-preview:-1"},"canonical":"https:\/\/sartorialuminarie.it\/en\/prodotti\/home-decor\/vasi\/diffusore-rettangolare-grande-tattoo-age-in-porcellana-disegno-tigre\/","og_locale":"en_US","og_type":"article","og_title":"DIFFUSORE RETTANGOLARE GRANDE 'Tattoo age' in porcellana disegno tigre - Home decor, Profumatori, Vasi | Sartoria Luminarie","og_description":"Realizzato in porcellana di alta qualit\u00e0, questo diffusore rettangolare di grandi dimensioni (19\u00d715\u00d79 cm) presenta un audace motivo \u201cTattoo Age\u201d con","og_url":"https:\/\/sartorialuminarie.it\/en\/prodotti\/home-decor\/vasi\/diffusore-rettangolare-grande-tattoo-age-in-porcellana-disegno-tigre\/","og_site_name":"Sartoria Luminarie","article_publisher":"https:\/\/www.facebook.com\/sartoriailfioreallocchiello","article_modified_time":"2026-02-25T00:02:31+00:00","og_image":[{"width":1400,"height":1400,"url":"https:\/\/sartorialuminarie.it\/wp-content\/uploads\/2025\/12\/l8y9lyl9y.png","type":"image\/png"}],"twitter_card":"summary_large_image","twitter_misc":{"Est. reading time":"1 minute"},"schema":{"@context":"https:\/\/schema.org","@graph":[{"@type":"WebPage","@id":"https:\/\/sartorialuminarie.it\/en\/prodotti\/home-decor\/vasi\/diffusore-rettangolare-grande-tattoo-age-in-porcellana-disegno-tigre\/","url":"https:\/\/sartorialuminarie.it\/en\/prodotti\/home-decor\/vasi\/diffusore-rettangolare-grande-tattoo-age-in-porcellana-disegno-tigre\/","name":"DIFFUSORE RETTANGOLARE GRANDE 'Tattoo age' in porcellana disegno tigre - Home decor, Profumatori, Vasi | Sartoria Luminarie","isPartOf":{"@id":"https:\/\/sartorialuminarie.it\/en\/#website"},"primaryImageOfPage":{"@id":"https:\/\/sartorialuminarie.it\/en\/prodotti\/home-decor\/vasi\/diffusore-rettangolare-grande-tattoo-age-in-porcellana-disegno-tigre\/#primaryimage"},"image":{"@id":"https:\/\/sartorialuminarie.it\/en\/prodotti\/home-decor\/vasi\/diffusore-rettangolare-grande-tattoo-age-in-porcellana-disegno-tigre\/#primaryimage"},"thumbnailUrl":"https:\/\/sartorialuminarie.it\/wp-content\/uploads\/2025\/12\/l8y9lyl9y.png","datePublished":"2025-12-04T11:02:22+00:00","dateModified":"2026-02-25T00:02:31+00:00","description":"Realizzato in porcellana di alta qualit\u00e0, questo diffusore rettangolare di grandi dimensioni (19\u00d715\u00d79 cm) presenta un audace motivo \u201cTattoo Age\u201d con","breadcrumb":{"@id":"https:\/\/sartorialuminarie.it\/en\/prodotti\/home-decor\/vasi\/diffusore-rettangolare-grande-tattoo-age-in-porcellana-disegno-tigre\/#breadcrumb"},"inLanguage":"en-US","potentialAction":[{"@type":"ReadAction","target":["https:\/\/sartorialuminarie.it\/en\/prodotti\/home-decor\/vasi\/diffusore-rettangolare-grande-tattoo-age-in-porcellana-disegno-tigre\/"]}]},{"@type":"ImageObject","inLanguage":"en-US","@id":"https:\/\/sartorialuminarie.it\/en\/prodotti\/home-decor\/vasi\/diffusore-rettangolare-grande-tattoo-age-in-porcellana-disegno-tigre\/#primaryimage","url":"https:\/\/sartorialuminarie.it\/wp-content\/uploads\/2025\/12\/l8y9lyl9y.png","contentUrl":"https:\/\/sartorialuminarie.it\/wp-content\/uploads\/2025\/12\/l8y9lyl9y.png","width":1400,"height":1400},{"@type":"BreadcrumbList","@id":"https:\/\/sartorialuminarie.it\/en\/prodotti\/home-decor\/vasi\/diffusore-rettangolare-grande-tattoo-age-in-porcellana-disegno-tigre\/#breadcrumb","itemListElement":[{"@type":"ListItem","position":1,"name":"Home","item":"https:\/\/sartorialuminarie.it\/en\/"},{"@type":"ListItem","position":2,"name":"Shop","item":"https:\/\/sartorialuminarie.it\/catalogo\/"},{"@type":"ListItem","position":3,"name":"DIFFUSORE RETTANGOLARE GRANDE &#8216;Tattoo age&#8217; in porcellana disegno tigre"}]},{"@type":"WebSite","@id":"https:\/\/sartorialuminarie.it\/en\/#website","url":"https:\/\/sartorialuminarie.it\/en\/","name":"Sartoria Luminarie","description":"","publisher":{"@id":"https:\/\/sartorialuminarie.it\/en\/#organization"},"potentialAction":[{"@type":"SearchAction","target":{"@type":"EntryPoint","urlTemplate":"https:\/\/sartorialuminarie.it\/en\/?s={search_term_string}"},"query-input":{"@type":"PropertyValueSpecification","valueRequired":true,"valueName":"search_term_string"}}],"inLanguage":"en-US"},{"@type":"Organization","@id":"https:\/\/sartorialuminarie.it\/en\/#organization","name":"Sartoria Luminarie","url":"https:\/\/sartorialuminarie.it\/en\/","logo":{"@type":"ImageObject","inLanguage":"en-US","@id":"https:\/\/sartorialuminarie.it\/en\/#\/schema\/logo\/image\/","url":"https:\/\/sartorialuminarie.it\/wp-content\/uploads\/2025\/11\/cropped-favicon-logo-luminarie.jpg","contentUrl":"https:\/\/sartorialuminarie.it\/wp-content\/uploads\/2025\/11\/cropped-favicon-logo-luminarie.jpg","width":512,"height":512,"caption":"Sartoria Luminarie"},"image":{"@id":"https:\/\/sartorialuminarie.it\/en\/#\/schema\/logo\/image\/"},"sameAs":["https:\/\/www.facebook.com\/sartoriailfioreallocchiello","https:\/\/www.instagram.com\/sartoria_luminarie_bologna"]}]}},"_links":{"self":[{"href":"https:\/\/sartorialuminarie.it\/en\/wp-json\/wp\/v2\/product\/5397","targetHints":{"allow":["GET"]}}],"collection":[{"href":"https:\/\/sartorialuminarie.it\/en\/wp-json\/wp\/v2\/product"}],"about":[{"href":"https:\/\/sartorialuminarie.it\/en\/wp-json\/wp\/v2\/types\/product"}],"wp:featuredmedia":[{"embeddable":true,"href":"https:\/\/sartorialuminarie.it\/en\/wp-json\/wp\/v2\/media\/5402"}],"wp:attachment":[{"href":"https:\/\/sartorialuminarie.it\/en\/wp-json\/wp\/v2\/media?parent=5397"}],"wp:term":[{"taxonomy":"product_cat","embeddable":true,"href":"https:\/\/sartorialuminarie.it\/en\/wp-json\/wp\/v2\/product_cat?post=5397"},{"taxonomy":"product_tag","embeddable":true,"href":"https:\/\/sartorialuminarie.it\/en\/wp-json\/wp\/v2\/product_tag?post=5397"}],"curies":[{"name":"wp","href":"https:\/\/api.w.org\/{rel}","templated":true}]}}