{"id":5326,"date":"2025-12-03T16:27:41","date_gmt":"2025-12-03T15:27:41","guid":{"rendered":"https:\/\/sartorialuminarie.it\/?post_type=product&#038;p=5326"},"modified":"2025-12-03T16:45:27","modified_gmt":"2025-12-03T15:45:27","slug":"renna-candelabro-fitz-floyd-cm-22","status":"publish","type":"product","link":"https:\/\/sartorialuminarie.it\/en\/prodotti\/natale\/renna-candelabro-fitz-floyd-cm-22\/","title":{"rendered":"RENNA CANDELABRO Fitz &#038; Floyd cm 22"},"content":{"rendered":"<p>Renna Candelabro Fitz &#038; Floyd \u2013 22 cm, Porcellana Beige con Sella Rossa<br \/>\nElegante e ricercata, la Renna Candelabro Fitz &#038; Floyd da 22 cm \u00e8 una preziosa decorazione natalizia in porcellana finemente smaltata, caratterizzata da tonalit\u00e0 beige delicate che mettono in risalto la qualit\u00e0 artigianale del pezzo.<br \/>\nLa figura \u00e8 impreziosita da una sella rossa decorativa, ricca di dettagli dorati e motivi festivi, che dona un raffinato contrasto cromatico. Sulla schiena \u00e8 integrato un candelabro finemente modellato, ideale per una candela sottile, trasformando la renna in un elemento d\u2019arredo scenografico ma funzionale.<br \/>\nLa cura dei particolari, le finiture lucide e l\u2019inconfondibile stile Fitz &#038; Floyd rendono questa renna perfetta come centrotavola, decorazione per una mensola o complemento luminoso in un ambiente natalizio elegante.<br \/>\nUn pezzo raffinato, ideale per collezionisti e per chi desidera aggiungere un tocco di classe e tradizione alla propria decorazione delle feste.<\/p>\n","protected":false},"excerpt":{"rendered":"<p>Renna Candelabro Fitz &#038; Floyd \u2013 22 cm, Porcellana Beige con Sella Rossa Elegante e ricercata, la Renna Candelabro Fitz&#8230;<\/p>\n","protected":false},"featured_media":5327,"template":"","meta":{"_acf_changed":false},"product_cat":[74],"product_tag":[],"class_list":{"0":"post-5326","1":"product","2":"type-product","3":"status-publish","4":"has-post-thumbnail","6":"product_cat-natale","8":"first","9":"instock","10":"shipping-taxable","11":"purchasable","12":"product-type-simple"},"acf":[],"yoast_head":"<!-- This site is optimized with the Yoast SEO plugin v26.9 - https:\/\/yoast.com\/product\/yoast-seo-wordpress\/ -->\n<title>RENNA CANDELABRO Fitz &amp; Floyd cm 22 - Natale | Sartoria Luminarie<\/title>\n<meta name=\"description\" content=\"Renna Candelabro Fitz &amp; Floyd \u2013 22 cm, Porcellana Beige con Sella Rossa Elegante e ricercata, la Renna Candelabro Fitz &amp; Floyd da 22 cm \u00e8 una preziosa\" \/>\n<meta name=\"robots\" content=\"index, follow, max-snippet:-1, max-image-preview:large, max-video-preview:-1\" \/>\n<link rel=\"canonical\" href=\"https:\/\/sartorialuminarie.it\/en\/prodotti\/natale\/renna-candelabro-fitz-floyd-cm-22\/\" \/>\n<meta property=\"og:locale\" content=\"en_US\" \/>\n<meta property=\"og:type\" content=\"article\" \/>\n<meta property=\"og:title\" content=\"RENNA CANDELABRO Fitz &amp; Floyd cm 22 - Natale | Sartoria Luminarie\" \/>\n<meta property=\"og:description\" content=\"Renna Candelabro Fitz &amp; Floyd \u2013 22 cm, Porcellana Beige con Sella Rossa Elegante e ricercata, la Renna Candelabro Fitz &amp; Floyd da 22 cm \u00e8 una preziosa\" \/>\n<meta property=\"og:url\" content=\"https:\/\/sartorialuminarie.it\/en\/prodotti\/natale\/renna-candelabro-fitz-floyd-cm-22\/\" \/>\n<meta property=\"og:site_name\" content=\"Sartoria Luminarie\" \/>\n<meta property=\"article:publisher\" content=\"https:\/\/www.facebook.com\/sartoriailfioreallocchiello\" \/>\n<meta property=\"article:modified_time\" content=\"2025-12-03T15:45:27+00:00\" \/>\n<meta property=\"og:image\" content=\"https:\/\/sartorialuminarie.it\/wp-content\/uploads\/2025\/12\/mdyuumdf.png\" \/>\n\t<meta property=\"og:image:width\" content=\"1400\" \/>\n\t<meta property=\"og:image:height\" content=\"1400\" \/>\n\t<meta property=\"og:image:type\" content=\"image\/png\" \/>\n<meta name=\"twitter:card\" content=\"summary_large_image\" \/>\n<meta name=\"twitter:label1\" content=\"Est. reading time\" \/>\n\t<meta name=\"twitter:data1\" content=\"1 minute\" \/>\n<script type=\"application\/ld+json\" class=\"yoast-schema-graph\">{\"@context\":\"https:\/\/schema.org\",\"@graph\":[{\"@type\":\"WebPage\",\"@id\":\"https:\/\/sartorialuminarie.it\/en\/prodotti\/natale\/renna-candelabro-fitz-floyd-cm-22\/\",\"url\":\"https:\/\/sartorialuminarie.it\/en\/prodotti\/natale\/renna-candelabro-fitz-floyd-cm-22\/\",\"name\":\"RENNA CANDELABRO Fitz & Floyd cm 22 - Natale | Sartoria Luminarie\",\"isPartOf\":{\"@id\":\"https:\/\/sartorialuminarie.it\/en\/#website\"},\"primaryImageOfPage\":{\"@id\":\"https:\/\/sartorialuminarie.it\/en\/prodotti\/natale\/renna-candelabro-fitz-floyd-cm-22\/#primaryimage\"},\"image\":{\"@id\":\"https:\/\/sartorialuminarie.it\/en\/prodotti\/natale\/renna-candelabro-fitz-floyd-cm-22\/#primaryimage\"},\"thumbnailUrl\":\"https:\/\/sartorialuminarie.it\/wp-content\/uploads\/2025\/12\/mdyuumdf.png\",\"datePublished\":\"2025-12-03T15:27:41+00:00\",\"dateModified\":\"2025-12-03T15:45:27+00:00\",\"description\":\"Renna Candelabro Fitz & Floyd \u2013 22 cm, Porcellana Beige con Sella Rossa Elegante e ricercata, la Renna Candelabro Fitz & Floyd da 22 cm \u00e8 una preziosa\",\"breadcrumb\":{\"@id\":\"https:\/\/sartorialuminarie.it\/en\/prodotti\/natale\/renna-candelabro-fitz-floyd-cm-22\/#breadcrumb\"},\"inLanguage\":\"en-US\",\"potentialAction\":[{\"@type\":\"ReadAction\",\"target\":[\"https:\/\/sartorialuminarie.it\/en\/prodotti\/natale\/renna-candelabro-fitz-floyd-cm-22\/\"]}]},{\"@type\":\"ImageObject\",\"inLanguage\":\"en-US\",\"@id\":\"https:\/\/sartorialuminarie.it\/en\/prodotti\/natale\/renna-candelabro-fitz-floyd-cm-22\/#primaryimage\",\"url\":\"https:\/\/sartorialuminarie.it\/wp-content\/uploads\/2025\/12\/mdyuumdf.png\",\"contentUrl\":\"https:\/\/sartorialuminarie.it\/wp-content\/uploads\/2025\/12\/mdyuumdf.png\",\"width\":1400,\"height\":1400},{\"@type\":\"BreadcrumbList\",\"@id\":\"https:\/\/sartorialuminarie.it\/en\/prodotti\/natale\/renna-candelabro-fitz-floyd-cm-22\/#breadcrumb\",\"itemListElement\":[{\"@type\":\"ListItem\",\"position\":1,\"name\":\"Home\",\"item\":\"https:\/\/sartorialuminarie.it\/en\/\"},{\"@type\":\"ListItem\",\"position\":2,\"name\":\"Shop\",\"item\":\"https:\/\/sartorialuminarie.it\/catalogo\/\"},{\"@type\":\"ListItem\",\"position\":3,\"name\":\"RENNA CANDELABRO Fitz &#038; Floyd cm 22\"}]},{\"@type\":\"WebSite\",\"@id\":\"https:\/\/sartorialuminarie.it\/en\/#website\",\"url\":\"https:\/\/sartorialuminarie.it\/en\/\",\"name\":\"Sartoria Luminarie\",\"description\":\"\",\"publisher\":{\"@id\":\"https:\/\/sartorialuminarie.it\/en\/#organization\"},\"potentialAction\":[{\"@type\":\"SearchAction\",\"target\":{\"@type\":\"EntryPoint\",\"urlTemplate\":\"https:\/\/sartorialuminarie.it\/en\/?s={search_term_string}\"},\"query-input\":{\"@type\":\"PropertyValueSpecification\",\"valueRequired\":true,\"valueName\":\"search_term_string\"}}],\"inLanguage\":\"en-US\"},{\"@type\":\"Organization\",\"@id\":\"https:\/\/sartorialuminarie.it\/en\/#organization\",\"name\":\"Sartoria Luminarie\",\"url\":\"https:\/\/sartorialuminarie.it\/en\/\",\"logo\":{\"@type\":\"ImageObject\",\"inLanguage\":\"en-US\",\"@id\":\"https:\/\/sartorialuminarie.it\/en\/#\/schema\/logo\/image\/\",\"url\":\"https:\/\/sartorialuminarie.it\/wp-content\/uploads\/2025\/11\/cropped-favicon-logo-luminarie.jpg\",\"contentUrl\":\"https:\/\/sartorialuminarie.it\/wp-content\/uploads\/2025\/11\/cropped-favicon-logo-luminarie.jpg\",\"width\":512,\"height\":512,\"caption\":\"Sartoria Luminarie\"},\"image\":{\"@id\":\"https:\/\/sartorialuminarie.it\/en\/#\/schema\/logo\/image\/\"},\"sameAs\":[\"https:\/\/www.facebook.com\/sartoriailfioreallocchiello\",\"https:\/\/www.instagram.com\/sartoria_luminarie_bologna\"]}]}<\/script>\n<!-- \/ Yoast SEO plugin. -->","yoast_head_json":{"title":"RENNA CANDELABRO Fitz & Floyd cm 22 - Natale | Sartoria Luminarie","description":"Renna Candelabro Fitz & Floyd \u2013 22 cm, Porcellana Beige con Sella Rossa Elegante e ricercata, la Renna Candelabro Fitz & Floyd da 22 cm \u00e8 una preziosa","robots":{"index":"index","follow":"follow","max-snippet":"max-snippet:-1","max-image-preview":"max-image-preview:large","max-video-preview":"max-video-preview:-1"},"canonical":"https:\/\/sartorialuminarie.it\/en\/prodotti\/natale\/renna-candelabro-fitz-floyd-cm-22\/","og_locale":"en_US","og_type":"article","og_title":"RENNA CANDELABRO Fitz & Floyd cm 22 - Natale | Sartoria Luminarie","og_description":"Renna Candelabro Fitz & Floyd \u2013 22 cm, Porcellana Beige con Sella Rossa Elegante e ricercata, la Renna Candelabro Fitz & Floyd da 22 cm \u00e8 una preziosa","og_url":"https:\/\/sartorialuminarie.it\/en\/prodotti\/natale\/renna-candelabro-fitz-floyd-cm-22\/","og_site_name":"Sartoria Luminarie","article_publisher":"https:\/\/www.facebook.com\/sartoriailfioreallocchiello","article_modified_time":"2025-12-03T15:45:27+00:00","og_image":[{"width":1400,"height":1400,"url":"https:\/\/sartorialuminarie.it\/wp-content\/uploads\/2025\/12\/mdyuumdf.png","type":"image\/png"}],"twitter_card":"summary_large_image","twitter_misc":{"Est. reading time":"1 minute"},"schema":{"@context":"https:\/\/schema.org","@graph":[{"@type":"WebPage","@id":"https:\/\/sartorialuminarie.it\/en\/prodotti\/natale\/renna-candelabro-fitz-floyd-cm-22\/","url":"https:\/\/sartorialuminarie.it\/en\/prodotti\/natale\/renna-candelabro-fitz-floyd-cm-22\/","name":"RENNA CANDELABRO Fitz & Floyd cm 22 - Natale | Sartoria Luminarie","isPartOf":{"@id":"https:\/\/sartorialuminarie.it\/en\/#website"},"primaryImageOfPage":{"@id":"https:\/\/sartorialuminarie.it\/en\/prodotti\/natale\/renna-candelabro-fitz-floyd-cm-22\/#primaryimage"},"image":{"@id":"https:\/\/sartorialuminarie.it\/en\/prodotti\/natale\/renna-candelabro-fitz-floyd-cm-22\/#primaryimage"},"thumbnailUrl":"https:\/\/sartorialuminarie.it\/wp-content\/uploads\/2025\/12\/mdyuumdf.png","datePublished":"2025-12-03T15:27:41+00:00","dateModified":"2025-12-03T15:45:27+00:00","description":"Renna Candelabro Fitz & Floyd \u2013 22 cm, Porcellana Beige con Sella Rossa Elegante e ricercata, la Renna Candelabro Fitz & Floyd da 22 cm \u00e8 una preziosa","breadcrumb":{"@id":"https:\/\/sartorialuminarie.it\/en\/prodotti\/natale\/renna-candelabro-fitz-floyd-cm-22\/#breadcrumb"},"inLanguage":"en-US","potentialAction":[{"@type":"ReadAction","target":["https:\/\/sartorialuminarie.it\/en\/prodotti\/natale\/renna-candelabro-fitz-floyd-cm-22\/"]}]},{"@type":"ImageObject","inLanguage":"en-US","@id":"https:\/\/sartorialuminarie.it\/en\/prodotti\/natale\/renna-candelabro-fitz-floyd-cm-22\/#primaryimage","url":"https:\/\/sartorialuminarie.it\/wp-content\/uploads\/2025\/12\/mdyuumdf.png","contentUrl":"https:\/\/sartorialuminarie.it\/wp-content\/uploads\/2025\/12\/mdyuumdf.png","width":1400,"height":1400},{"@type":"BreadcrumbList","@id":"https:\/\/sartorialuminarie.it\/en\/prodotti\/natale\/renna-candelabro-fitz-floyd-cm-22\/#breadcrumb","itemListElement":[{"@type":"ListItem","position":1,"name":"Home","item":"https:\/\/sartorialuminarie.it\/en\/"},{"@type":"ListItem","position":2,"name":"Shop","item":"https:\/\/sartorialuminarie.it\/catalogo\/"},{"@type":"ListItem","position":3,"name":"RENNA CANDELABRO Fitz &#038; Floyd cm 22"}]},{"@type":"WebSite","@id":"https:\/\/sartorialuminarie.it\/en\/#website","url":"https:\/\/sartorialuminarie.it\/en\/","name":"Sartoria Luminarie","description":"","publisher":{"@id":"https:\/\/sartorialuminarie.it\/en\/#organization"},"potentialAction":[{"@type":"SearchAction","target":{"@type":"EntryPoint","urlTemplate":"https:\/\/sartorialuminarie.it\/en\/?s={search_term_string}"},"query-input":{"@type":"PropertyValueSpecification","valueRequired":true,"valueName":"search_term_string"}}],"inLanguage":"en-US"},{"@type":"Organization","@id":"https:\/\/sartorialuminarie.it\/en\/#organization","name":"Sartoria Luminarie","url":"https:\/\/sartorialuminarie.it\/en\/","logo":{"@type":"ImageObject","inLanguage":"en-US","@id":"https:\/\/sartorialuminarie.it\/en\/#\/schema\/logo\/image\/","url":"https:\/\/sartorialuminarie.it\/wp-content\/uploads\/2025\/11\/cropped-favicon-logo-luminarie.jpg","contentUrl":"https:\/\/sartorialuminarie.it\/wp-content\/uploads\/2025\/11\/cropped-favicon-logo-luminarie.jpg","width":512,"height":512,"caption":"Sartoria Luminarie"},"image":{"@id":"https:\/\/sartorialuminarie.it\/en\/#\/schema\/logo\/image\/"},"sameAs":["https:\/\/www.facebook.com\/sartoriailfioreallocchiello","https:\/\/www.instagram.com\/sartoria_luminarie_bologna"]}]}},"_links":{"self":[{"href":"https:\/\/sartorialuminarie.it\/en\/wp-json\/wp\/v2\/product\/5326","targetHints":{"allow":["GET"]}}],"collection":[{"href":"https:\/\/sartorialuminarie.it\/en\/wp-json\/wp\/v2\/product"}],"about":[{"href":"https:\/\/sartorialuminarie.it\/en\/wp-json\/wp\/v2\/types\/product"}],"wp:featuredmedia":[{"embeddable":true,"href":"https:\/\/sartorialuminarie.it\/en\/wp-json\/wp\/v2\/media\/5327"}],"wp:attachment":[{"href":"https:\/\/sartorialuminarie.it\/en\/wp-json\/wp\/v2\/media?parent=5326"}],"wp:term":[{"taxonomy":"product_cat","embeddable":true,"href":"https:\/\/sartorialuminarie.it\/en\/wp-json\/wp\/v2\/product_cat?post=5326"},{"taxonomy":"product_tag","embeddable":true,"href":"https:\/\/sartorialuminarie.it\/en\/wp-json\/wp\/v2\/product_tag?post=5326"}],"curies":[{"name":"wp","href":"https:\/\/api.w.org\/{rel}","templated":true}]}}