{"id":2058,"date":"2025-09-09T11:34:10","date_gmt":"2025-09-09T09:34:10","guid":{"rendered":"https:\/\/sartorialuminarie.it\/?post_type=product&#038;p=2058"},"modified":"2026-03-06T16:37:53","modified_gmt":"2026-03-06T15:37:53","slug":"nappina-tassel636-do","status":"publish","type":"product","link":"https:\/\/sartorialuminarie.it\/en\/prodotti\/home-decor\/nappine\/nappina-tassel636-do\/","title":{"rendered":"Nappina Tassel636 DO"},"content":{"rendered":"<p>La nappina d\u00e9cor in legno e tessuto \u00e8 un piccolo dettaglio capace di trasformare qualsiasi ambiente con stile. Realizzata con materiali naturali, unisce la semplicit\u00e0 del legno alla morbidezza del tessuto, creando un accessorio raffinato e decorativo.<br \/>\nElegante e versatile, pu\u00f2 essere appesa a chiavi, maniglie di credenze, cassetti, porte o embrasse per tende, aggiungendo un tocco di personalit\u00e0 agli spazi della casa. Il suo design delicato e ricercato richiama atmosfere boh\u00e9mien e vintage, rendendola perfetta per ambienti dallo stile naturale, shabby o etnico.<\/p>\n","protected":false},"excerpt":{"rendered":"<p>La nappina d\u00e9cor in legno e tessuto \u00e8 un piccolo dettaglio capace di trasformare qualsiasi ambiente con stile. Realizzata con&#8230;<\/p>\n","protected":false},"featured_media":2069,"template":"","meta":{"_acf_changed":false},"product_cat":[30,53],"product_tag":[],"class_list":{"0":"post-2058","1":"product","2":"type-product","3":"status-publish","4":"has-post-thumbnail","6":"product_cat-home-decor","7":"product_cat-nappine","9":"first","10":"instock","11":"shipping-taxable","12":"purchasable","13":"product-type-simple"},"acf":[],"yoast_head":"<!-- This site is optimized with the Yoast SEO plugin v26.9 - https:\/\/yoast.com\/product\/yoast-seo-wordpress\/ -->\n<title>Nappina Tassel636 DO - Home decor, Nappine | Sartoria Luminarie<\/title>\n<meta name=\"description\" content=\"La nappina d\u00e9cor in legno e tessuto \u00e8 un piccolo dettaglio capace di trasformare qualsiasi ambiente con stile. Realizzata con materiali naturali, unisce\" \/>\n<meta name=\"robots\" content=\"index, follow, max-snippet:-1, max-image-preview:large, max-video-preview:-1\" \/>\n<link rel=\"canonical\" href=\"https:\/\/sartorialuminarie.it\/en\/prodotti\/home-decor\/nappine\/nappina-tassel636-do\/\" \/>\n<meta property=\"og:locale\" content=\"en_US\" \/>\n<meta property=\"og:type\" content=\"article\" \/>\n<meta property=\"og:title\" content=\"Nappina Tassel636 DO - Home decor, Nappine | Sartoria Luminarie\" \/>\n<meta property=\"og:description\" content=\"La nappina d\u00e9cor in legno e tessuto \u00e8 un piccolo dettaglio capace di trasformare qualsiasi ambiente con stile. Realizzata con materiali naturali, unisce\" \/>\n<meta property=\"og:url\" content=\"https:\/\/sartorialuminarie.it\/en\/prodotti\/home-decor\/nappine\/nappina-tassel636-do\/\" \/>\n<meta property=\"og:site_name\" content=\"Sartoria Luminarie\" \/>\n<meta property=\"article:publisher\" content=\"https:\/\/www.facebook.com\/sartoriailfioreallocchiello\" \/>\n<meta property=\"article:modified_time\" content=\"2026-03-06T15:37:53+00:00\" \/>\n<meta property=\"og:image\" content=\"https:\/\/sartorialuminarie.it\/wp-content\/uploads\/2025\/09\/tyntyh.png\" \/>\n\t<meta property=\"og:image:width\" content=\"1400\" \/>\n\t<meta property=\"og:image:height\" content=\"1400\" \/>\n\t<meta property=\"og:image:type\" content=\"image\/png\" \/>\n<meta name=\"twitter:card\" content=\"summary_large_image\" \/>\n<meta name=\"twitter:label1\" content=\"Est. reading time\" \/>\n\t<meta name=\"twitter:data1\" content=\"1 minute\" \/>\n<script type=\"application\/ld+json\" class=\"yoast-schema-graph\">{\"@context\":\"https:\/\/schema.org\",\"@graph\":[{\"@type\":\"WebPage\",\"@id\":\"https:\/\/sartorialuminarie.it\/en\/prodotti\/home-decor\/nappine\/nappina-tassel636-do\/\",\"url\":\"https:\/\/sartorialuminarie.it\/en\/prodotti\/home-decor\/nappine\/nappina-tassel636-do\/\",\"name\":\"Nappina Tassel636 DO - Home decor, Nappine | Sartoria Luminarie\",\"isPartOf\":{\"@id\":\"https:\/\/sartorialuminarie.it\/en\/#website\"},\"primaryImageOfPage\":{\"@id\":\"https:\/\/sartorialuminarie.it\/en\/prodotti\/home-decor\/nappine\/nappina-tassel636-do\/#primaryimage\"},\"image\":{\"@id\":\"https:\/\/sartorialuminarie.it\/en\/prodotti\/home-decor\/nappine\/nappina-tassel636-do\/#primaryimage\"},\"thumbnailUrl\":\"https:\/\/sartorialuminarie.it\/wp-content\/uploads\/2025\/09\/tyntyh.png\",\"datePublished\":\"2025-09-09T09:34:10+00:00\",\"dateModified\":\"2026-03-06T15:37:53+00:00\",\"description\":\"La nappina d\u00e9cor in legno e tessuto \u00e8 un piccolo dettaglio capace di trasformare qualsiasi ambiente con stile. Realizzata con materiali naturali, unisce\",\"breadcrumb\":{\"@id\":\"https:\/\/sartorialuminarie.it\/en\/prodotti\/home-decor\/nappine\/nappina-tassel636-do\/#breadcrumb\"},\"inLanguage\":\"en-US\",\"potentialAction\":[{\"@type\":\"ReadAction\",\"target\":[\"https:\/\/sartorialuminarie.it\/en\/prodotti\/home-decor\/nappine\/nappina-tassel636-do\/\"]}]},{\"@type\":\"ImageObject\",\"inLanguage\":\"en-US\",\"@id\":\"https:\/\/sartorialuminarie.it\/en\/prodotti\/home-decor\/nappine\/nappina-tassel636-do\/#primaryimage\",\"url\":\"https:\/\/sartorialuminarie.it\/wp-content\/uploads\/2025\/09\/tyntyh.png\",\"contentUrl\":\"https:\/\/sartorialuminarie.it\/wp-content\/uploads\/2025\/09\/tyntyh.png\",\"width\":1400,\"height\":1400},{\"@type\":\"BreadcrumbList\",\"@id\":\"https:\/\/sartorialuminarie.it\/en\/prodotti\/home-decor\/nappine\/nappina-tassel636-do\/#breadcrumb\",\"itemListElement\":[{\"@type\":\"ListItem\",\"position\":1,\"name\":\"Home\",\"item\":\"https:\/\/sartorialuminarie.it\/en\/\"},{\"@type\":\"ListItem\",\"position\":2,\"name\":\"Shop\",\"item\":\"https:\/\/sartorialuminarie.it\/catalogo\/\"},{\"@type\":\"ListItem\",\"position\":3,\"name\":\"Nappina Tassel636 DO\"}]},{\"@type\":\"WebSite\",\"@id\":\"https:\/\/sartorialuminarie.it\/en\/#website\",\"url\":\"https:\/\/sartorialuminarie.it\/en\/\",\"name\":\"Sartoria Luminarie\",\"description\":\"\",\"publisher\":{\"@id\":\"https:\/\/sartorialuminarie.it\/en\/#organization\"},\"potentialAction\":[{\"@type\":\"SearchAction\",\"target\":{\"@type\":\"EntryPoint\",\"urlTemplate\":\"https:\/\/sartorialuminarie.it\/en\/?s={search_term_string}\"},\"query-input\":{\"@type\":\"PropertyValueSpecification\",\"valueRequired\":true,\"valueName\":\"search_term_string\"}}],\"inLanguage\":\"en-US\"},{\"@type\":\"Organization\",\"@id\":\"https:\/\/sartorialuminarie.it\/en\/#organization\",\"name\":\"Sartoria Luminarie\",\"url\":\"https:\/\/sartorialuminarie.it\/en\/\",\"logo\":{\"@type\":\"ImageObject\",\"inLanguage\":\"en-US\",\"@id\":\"https:\/\/sartorialuminarie.it\/en\/#\/schema\/logo\/image\/\",\"url\":\"https:\/\/sartorialuminarie.it\/wp-content\/uploads\/2025\/11\/cropped-favicon-logo-luminarie.jpg\",\"contentUrl\":\"https:\/\/sartorialuminarie.it\/wp-content\/uploads\/2025\/11\/cropped-favicon-logo-luminarie.jpg\",\"width\":512,\"height\":512,\"caption\":\"Sartoria Luminarie\"},\"image\":{\"@id\":\"https:\/\/sartorialuminarie.it\/en\/#\/schema\/logo\/image\/\"},\"sameAs\":[\"https:\/\/www.facebook.com\/sartoriailfioreallocchiello\",\"https:\/\/www.instagram.com\/sartoria_luminarie_bologna\"]}]}<\/script>\n<!-- \/ Yoast SEO plugin. -->","yoast_head_json":{"title":"Nappina Tassel636 DO - Home decor, Nappine | Sartoria Luminarie","description":"La nappina d\u00e9cor in legno e tessuto \u00e8 un piccolo dettaglio capace di trasformare qualsiasi ambiente con stile. Realizzata con materiali naturali, unisce","robots":{"index":"index","follow":"follow","max-snippet":"max-snippet:-1","max-image-preview":"max-image-preview:large","max-video-preview":"max-video-preview:-1"},"canonical":"https:\/\/sartorialuminarie.it\/en\/prodotti\/home-decor\/nappine\/nappina-tassel636-do\/","og_locale":"en_US","og_type":"article","og_title":"Nappina Tassel636 DO - Home decor, Nappine | Sartoria Luminarie","og_description":"La nappina d\u00e9cor in legno e tessuto \u00e8 un piccolo dettaglio capace di trasformare qualsiasi ambiente con stile. Realizzata con materiali naturali, unisce","og_url":"https:\/\/sartorialuminarie.it\/en\/prodotti\/home-decor\/nappine\/nappina-tassel636-do\/","og_site_name":"Sartoria Luminarie","article_publisher":"https:\/\/www.facebook.com\/sartoriailfioreallocchiello","article_modified_time":"2026-03-06T15:37:53+00:00","og_image":[{"width":1400,"height":1400,"url":"https:\/\/sartorialuminarie.it\/wp-content\/uploads\/2025\/09\/tyntyh.png","type":"image\/png"}],"twitter_card":"summary_large_image","twitter_misc":{"Est. reading time":"1 minute"},"schema":{"@context":"https:\/\/schema.org","@graph":[{"@type":"WebPage","@id":"https:\/\/sartorialuminarie.it\/en\/prodotti\/home-decor\/nappine\/nappina-tassel636-do\/","url":"https:\/\/sartorialuminarie.it\/en\/prodotti\/home-decor\/nappine\/nappina-tassel636-do\/","name":"Nappina Tassel636 DO - Home decor, Nappine | Sartoria Luminarie","isPartOf":{"@id":"https:\/\/sartorialuminarie.it\/en\/#website"},"primaryImageOfPage":{"@id":"https:\/\/sartorialuminarie.it\/en\/prodotti\/home-decor\/nappine\/nappina-tassel636-do\/#primaryimage"},"image":{"@id":"https:\/\/sartorialuminarie.it\/en\/prodotti\/home-decor\/nappine\/nappina-tassel636-do\/#primaryimage"},"thumbnailUrl":"https:\/\/sartorialuminarie.it\/wp-content\/uploads\/2025\/09\/tyntyh.png","datePublished":"2025-09-09T09:34:10+00:00","dateModified":"2026-03-06T15:37:53+00:00","description":"La nappina d\u00e9cor in legno e tessuto \u00e8 un piccolo dettaglio capace di trasformare qualsiasi ambiente con stile. Realizzata con materiali naturali, unisce","breadcrumb":{"@id":"https:\/\/sartorialuminarie.it\/en\/prodotti\/home-decor\/nappine\/nappina-tassel636-do\/#breadcrumb"},"inLanguage":"en-US","potentialAction":[{"@type":"ReadAction","target":["https:\/\/sartorialuminarie.it\/en\/prodotti\/home-decor\/nappine\/nappina-tassel636-do\/"]}]},{"@type":"ImageObject","inLanguage":"en-US","@id":"https:\/\/sartorialuminarie.it\/en\/prodotti\/home-decor\/nappine\/nappina-tassel636-do\/#primaryimage","url":"https:\/\/sartorialuminarie.it\/wp-content\/uploads\/2025\/09\/tyntyh.png","contentUrl":"https:\/\/sartorialuminarie.it\/wp-content\/uploads\/2025\/09\/tyntyh.png","width":1400,"height":1400},{"@type":"BreadcrumbList","@id":"https:\/\/sartorialuminarie.it\/en\/prodotti\/home-decor\/nappine\/nappina-tassel636-do\/#breadcrumb","itemListElement":[{"@type":"ListItem","position":1,"name":"Home","item":"https:\/\/sartorialuminarie.it\/en\/"},{"@type":"ListItem","position":2,"name":"Shop","item":"https:\/\/sartorialuminarie.it\/catalogo\/"},{"@type":"ListItem","position":3,"name":"Nappina Tassel636 DO"}]},{"@type":"WebSite","@id":"https:\/\/sartorialuminarie.it\/en\/#website","url":"https:\/\/sartorialuminarie.it\/en\/","name":"Sartoria Luminarie","description":"","publisher":{"@id":"https:\/\/sartorialuminarie.it\/en\/#organization"},"potentialAction":[{"@type":"SearchAction","target":{"@type":"EntryPoint","urlTemplate":"https:\/\/sartorialuminarie.it\/en\/?s={search_term_string}"},"query-input":{"@type":"PropertyValueSpecification","valueRequired":true,"valueName":"search_term_string"}}],"inLanguage":"en-US"},{"@type":"Organization","@id":"https:\/\/sartorialuminarie.it\/en\/#organization","name":"Sartoria Luminarie","url":"https:\/\/sartorialuminarie.it\/en\/","logo":{"@type":"ImageObject","inLanguage":"en-US","@id":"https:\/\/sartorialuminarie.it\/en\/#\/schema\/logo\/image\/","url":"https:\/\/sartorialuminarie.it\/wp-content\/uploads\/2025\/11\/cropped-favicon-logo-luminarie.jpg","contentUrl":"https:\/\/sartorialuminarie.it\/wp-content\/uploads\/2025\/11\/cropped-favicon-logo-luminarie.jpg","width":512,"height":512,"caption":"Sartoria Luminarie"},"image":{"@id":"https:\/\/sartorialuminarie.it\/en\/#\/schema\/logo\/image\/"},"sameAs":["https:\/\/www.facebook.com\/sartoriailfioreallocchiello","https:\/\/www.instagram.com\/sartoria_luminarie_bologna"]}]}},"_links":{"self":[{"href":"https:\/\/sartorialuminarie.it\/en\/wp-json\/wp\/v2\/product\/2058","targetHints":{"allow":["GET"]}}],"collection":[{"href":"https:\/\/sartorialuminarie.it\/en\/wp-json\/wp\/v2\/product"}],"about":[{"href":"https:\/\/sartorialuminarie.it\/en\/wp-json\/wp\/v2\/types\/product"}],"wp:featuredmedia":[{"embeddable":true,"href":"https:\/\/sartorialuminarie.it\/en\/wp-json\/wp\/v2\/media\/2069"}],"wp:attachment":[{"href":"https:\/\/sartorialuminarie.it\/en\/wp-json\/wp\/v2\/media?parent=2058"}],"wp:term":[{"taxonomy":"product_cat","embeddable":true,"href":"https:\/\/sartorialuminarie.it\/en\/wp-json\/wp\/v2\/product_cat?post=2058"},{"taxonomy":"product_tag","embeddable":true,"href":"https:\/\/sartorialuminarie.it\/en\/wp-json\/wp\/v2\/product_tag?post=2058"}],"curies":[{"name":"wp","href":"https:\/\/api.w.org\/{rel}","templated":true}]}}